{"id":318,"date":"2024-06-18T15:28:08","date_gmt":"2024-06-18T15:28:08","guid":{"rendered":"https:\/\/turismo.accesia.info\/?page_id=318"},"modified":"2025-10-03T20:14:55","modified_gmt":"2025-10-03T18:14:55","slug":"rutas-para-senderistas","status":"publish","type":"page","link":"https:\/\/turismo.castielfabib.es\/en\/rutas\/rutas-para-senderistas\/","title":{"rendered":"Rutas para senderistas"},"content":{"rendered":"<!--themify_builder_content-->\n<div id=\"themify_builder_content-318\" data-postid=\"318\" class=\"themify_builder_content themify_builder_content-318 themify_builder tf_clear\">\n                    <div  data-css_id=\"1hk3677\" data-lazy=\"1\" class=\"module_row themify_builder_row fullwidth_row_container tb_1hk3677 tb_first tf_w\">\n                        <div class=\"row_inner col_align_top tb_col_count_1 tf_box tf_rel\">\n                        <div  data-lazy=\"1\" class=\"module_column tb-column col-full tb_xadc677 first\">\n                    <!-- module template_part -->\n<div  class=\"module module-layout-part tb_nsyc801\">\n    <div class=\"tb_layout_part_wrap tf_w\"><!--themify_builder_content-->\n    <div  class=\"themify_builder_content themify_builder_content-703 themify_builder not_editable_builder in_the_loop\" data-postid=\"703\">\n                        <div  data-css_id=\"satc841\" data-lazy=\"1\" class=\"module_row themify_builder_row topheader fullwidth_row_container tb_satc841 tf_w\">\n                        <div class=\"row_inner col_align_top gutter-none tb_col_count_4 tf_box tf_rel\">\n                        <div  data-lazy=\"1\" class=\"module_column tb-column col4-1 tb_54s2841 first\">\n                    <!-- module icon -->\n<div  class=\"module module-icon tb_hyq4363   rounded icon_vertical\" data-lazy=\"1\" id=\"telefono-top-header-2\">\n            <div class=\"module-icon-item\">\n                            <a href=\"tel:978783100\" rel=\"noopener\" target=\"_blank\">\n                                                                    <em class=\"tf_box\" style=\"color:#ffffff\"><svg  class=\"tf_fa tf-fas-phone\" aria-hidden=\"true\"><use href=\"#tf-fas-phone\"><\/use><\/svg><\/em>\n                                                                            <span>978 783 100<\/span>\n                                                                    <\/a>\n                    <\/div>\n    <\/div>\n<!-- \/module icon -->\n        <\/div>\n                    <div  data-lazy=\"1\" class=\"module_column tb-column col4-1 tb_7isx97\">\n                    <!-- module icon -->\n<div  class=\"module module-icon tb_plsq259   rounded icon_vertical\" data-lazy=\"1\" id=\"telefono-top-header-2-2\">\n            <div class=\"module-icon-item\">\n                            <a href=\"tel:622485632\" rel=\"noopener\" target=\"_blank\">\n                                                                    <em class=\"tf_box\" style=\"color:#ffffff\"><svg  class=\"tf_fa tf-fas-mobile-alt\" aria-hidden=\"true\"><use href=\"#tf-fas-mobile-alt\"><\/use><\/svg><\/em>\n                                                                            <span>622485632<\/span>\n                                                                    <\/a>\n                    <\/div>\n    <\/div>\n<!-- \/module icon -->\n        <\/div>\n                    <div  data-lazy=\"1\" class=\"module_column tb-column col4-1 tb_56ay841\">\n                    <!-- module icon -->\n<div  class=\"module module-icon tb_mddl841   rounded icon_vertical\" data-lazy=\"1\" id=\"mail-top-header\">\n            <div class=\"module-icon-item\">\n                            <a href=\"mailto:turismo@castielfabib.es\" rel=\"noopener\" target=\"_blank\">\n                                                                    <em class=\"tf_box\" style=\"color:#ffffff\"><svg  class=\"tf_fa tf-fas-envelope\" aria-hidden=\"true\"><use href=\"#tf-fas-envelope\"><\/use><\/svg><\/em>\n                                                                            <span>turismo@castielfabib.es<\/span>\n                                                                    <\/a>\n                    <\/div>\n    <\/div>\n<!-- \/module icon -->\n        <\/div>\n                    <div  data-lazy=\"1\" class=\"module_column tb-column col4-1 tb_z1si841 last\">\n                    <!-- module widget -->\n<div  class=\"module module-widget tb_by6236  repeat\" data-lazy=\"1\">\n    <div class=\"widget themify-social-links\"><ul class=\"social-links horizontal\">\n                        <li class=\"social-link-item facebook font-icon icon-medium\">\n                            <a href=\"https:\/\/www.facebook.com\/touristinforinconademuz\" aria-label=\"facebook\" target=\"_blank\" rel=\"noopener\"><em style=\"color:#ffffff;\"><svg  aria-label=\"Facebook\" class=\"tf_fa tf-fab-facebook\" role=\"img\"><use href=\"#tf-fab-facebook\"><\/use><\/svg><\/em>  <\/a>\n                        <\/li>\n                        <!-- \/themify-link-item -->\n                        <li class=\"social-link-item instagram font-icon icon-medium\">\n                            <a href=\"https:\/\/www.instagram.com\/ayucastielfabib\" aria-label=\"instagram\" target=\"_blank\" rel=\"noopener\"><em style=\"color:#ffffff;\"><svg  aria-label=\"Instagram\" class=\"tf_fa tf-fab-instagram\" role=\"img\"><use href=\"#tf-fab-instagram\"><\/use><\/svg><\/em>  <\/a>\n                        <\/li>\n                        <!-- \/themify-link-item -->\n                        <li class=\"social-link-item youtube font-icon icon-medium\">\n                            <a href=\"https:\/\/www.youtube.com\/channel\/UC0d50fFIZwUejFZ2_kpwggQ\" aria-label=\"youtube\" target=\"_blank\" rel=\"noopener\"><em style=\"color:#ffffff;\"><svg  aria-label=\"Youtube\" class=\"tf_fa tf-fab-youtube\" role=\"img\"><use href=\"#tf-fab-youtube\"><\/use><\/svg><\/em>  <\/a>\n                        <\/li>\n                        <!-- \/themify-link-item -->\n                        <li class=\"social-link-item wikiloc font-icon icon-medium\">\n                            <a href=\"https:\/\/es.wikiloc.com\/wikiloc\/user.do?id=9057456\" aria-label=\"wikiloc\" target=\"_blank\" rel=\"noopener\"><em style=\"color:rgba(255, 255, 255, 1);\"><svg  aria-label=\"Wikiloc\" class=\"tf_fa tf-fontello-wikilocwhite icon-fontello-wikilocwhite\" role=\"img\"><use href=\"#tf-fontello-wikilocwhite\"><\/use><\/svg><\/em>  <\/a>\n                        <\/li>\n                        <!-- \/themify-link-item --><\/ul><\/div><\/div>\n<!-- \/module widget -->\n        <\/div>\n                        <\/div>\n        <\/div>\n            <\/div>\n<!--\/themify_builder_content--><\/div>\n<\/div>\n<!-- \/module template_part -->        <\/div>\n                        <\/div>\n        <\/div>\n                        <div  data-css_id=\"wivd649\" data-lazy=\"1\" class=\"module_row themify_builder_row fullwidth_row_container tb_wivd649 tf_w\">\n                        <div class=\"row_inner col_align_top tb_col_count_1 tf_box tf_rel\">\n                        <div  data-lazy=\"1\" class=\"module_column tb-column col-full tb_63ai649 first\">\n                    <!-- module template_part -->\n<div  class=\"module module-layout-part tb_eqdf982\">\n    <div class=\"tb_layout_part_wrap tf_w\"><!--themify_builder_content-->\n    <div  class=\"themify_builder_content themify_builder_content-706 themify_builder not_editable_builder in_the_loop\" data-postid=\"706\">\n                        <div  data-css_id=\"uo9n685\" data-lazy=\"1\" class=\"module_row themify_builder_row fullwidth_row_container tb_uo9n685 tf_w\">\n                        <div class=\"row_inner col_align_middle tb_col_count_2 tf_box tf_rel\">\n                        <div  data-lazy=\"1\" class=\"module_column tb-column col4-2 tb_be0z685 first\">\n                    <!-- module image -->\n<div  class=\"module module-image tb_57b3685 image-top   auto_fullwidth tf_mw\" data-lazy=\"1\">\n        <div class=\"image-wrap tf_rel tf_mw\">\n            <a href=\"https:\/\/turismo.castielfabib.es\/en\/\">\n                   <img loading=\"lazy\" decoding=\"async\" src=\"https:\/\/turismo.castielfabib.es\/wp-content\/uploads\/2025\/09\/TURISMO-CASTIEL.svg\" width=\"127\" height=\"40\" class=\"wp-post-image wp-image-691\" title=\"Castielfabib Tourism Logo\" alt=\"Logo de Turismo Castielfabib\">        <\/a>\n    \n        <\/div>\n    <!-- \/image-wrap -->\n    \n        <\/div>\n<!-- \/module image -->        <\/div>\n                    <div  data-lazy=\"1\" class=\"module_column tb-column col4-2 tb_i7kg685 last\">\n                    <!-- module menu -->\n<div  class=\"module module-menu tb_apv3685  mobile-menu-dropdown\" data-menu-style=\"mobile-menu-dropdown\" data-menu-breakpoint=\"1000\" data-menu-direction=\"right\" data-element-id=\"tb_apv3685\" data-lazy=\"1\">\n            <style>\n            @media(max-width:1000px){\n                .tb_apv3685 .menu-module-burger{\n                    display:inline-block\n                }\n                .tb_apv3685 .module-menu-container{\n                    display:none\n                }\n                .tb_apv3685 .module-menu-container.is-open{\n                    display:block\n                }\n            }\n        <\/style>\n        <a rel=\"nofollow\" href=\"#\" class=\"tf_hide menu-module-burger\">\n            <span class=\"menu-module-burger-inner tf_inline_b tf_rel\"><\/span>\n            <span class=\"screen-reader-text\">Menu<\/span>\n        <\/a>\n        \n    <div class=\"module-menu-container tb_mega_menu\"><ul id=\"menu-menu-main\" class=\"ui tf_clearfix nav tf_rel tf_scrollbar fullwidth transparent\"><li  id=\"menu-item-216\" class=\"menu-item-page-47 menu-item menu-item-type-post_type menu-item-object-page menu-item-home menu-item-216\"><a  href=\"https:\/\/turismo.castielfabib.es\/en\/\">Home<\/a> <\/li>\n<li  id=\"menu-item-1044\" class=\"menu-item-custom-1044 menu-item menu-item-type-custom menu-item-object-custom menu-item-has-children has-sub-menu menu-item-1044\" aria-haspopup=\"true\"><a >Discover Castielfabib<span class=\"child-arrow\"><\/span><\/a> <ul class=\"sub-menu\"><li  id=\"menu-item-1674\" class=\"menu-item-page-1554 menu-item menu-item-type-post_type menu-item-object-page menu-item-1674 menu-page-1554-parent-1044\"><a  href=\"https:\/\/turismo.castielfabib.es\/en\/descubre-castielfabib\/historia\/\">History<\/a> <\/li>\n<li  id=\"menu-item-1673\" class=\"menu-item-page-1557 menu-item menu-item-type-post_type menu-item-object-page menu-item-1673 menu-page-1557-parent-1044\"><a  href=\"https:\/\/turismo.castielfabib.es\/en\/descubre-castielfabib\/cultura\/\">Culture<\/a> <\/li>\n<li  id=\"menu-item-1807\" class=\"menu-item-page-1742 menu-item menu-item-type-post_type menu-item-object-page menu-item-1807 menu-page-1742-parent-1044\"><a  href=\"https:\/\/turismo.castielfabib.es\/en\/descubre-castielfabib\/naturaleza\/\">Nature<\/a> <\/li>\n<\/ul><\/li>\n<li  id=\"menu-item-1912\" class=\"menu-item-page-1905 menu-item menu-item-type-post_type menu-item-object-page menu-item-1912\"><a  href=\"https:\/\/turismo.castielfabib.es\/en\/turismo-activo\/\">Active tourism<\/a> <\/li>\n<li  id=\"menu-item-1043\" class=\"menu-item-custom-1043 menu-item menu-item-type-custom menu-item-object-custom menu-item-has-children has-sub-menu menu-item-1043\" aria-haspopup=\"true\"><a >Plan your trip<span class=\"child-arrow\"><\/span><\/a> <ul class=\"sub-menu\"><li  id=\"menu-item-250\" class=\"menu-item-page-231 menu-item menu-item-type-post_type menu-item-object-page menu-item-250 menu-page-231-parent-1043\"><a  href=\"https:\/\/turismo.castielfabib.es\/en\/planifica-tu-viaje\/donde-dormir\/\">Where to sleep<\/a> <\/li>\n<li  id=\"menu-item-249\" class=\"menu-item-page-22 menu-item menu-item-type-post_type menu-item-object-page menu-item-249 menu-page-22-parent-1043\"><a  href=\"https:\/\/turismo.castielfabib.es\/en\/planifica-tu-viaje\/donde-comer\/\">Where to eat<\/a> <\/li>\n<li  id=\"menu-item-251\" class=\"menu-item-page-227 menu-item menu-item-type-post_type menu-item-object-page menu-item-251 menu-page-227-parent-1043\"><a  href=\"https:\/\/turismo.castielfabib.es\/en\/planifica-tu-viaje\/como-llegar\/\">How to get there<\/a> <\/li>\n<li  id=\"menu-item-1869\" class=\"menu-item-page-1836 menu-item menu-item-type-post_type menu-item-object-page menu-item-1869 menu-page-1836-parent-1043\"><a  href=\"https:\/\/turismo.castielfabib.es\/en\/planifica-tu-viaje\/comercios\/\">Shops<\/a> <\/li>\n<\/ul><\/li>\n<li  id=\"menu-item-1054\" class=\"menu-item-page-1052 menu-item menu-item-type-post_type menu-item-object-page menu-item-1054\"><a  href=\"https:\/\/turismo.castielfabib.es\/en\/eventos\/\">Events<\/a> <\/li>\n<li  id=\"menu-item-255\" class=\"menu-item-page-51 menu-item menu-item-type-post_type menu-item-object-page menu-item-has-children has-sub-menu menu-item-255\" aria-haspopup=\"true\"><a  href=\"https:\/\/turismo.castielfabib.es\/en\/contacto\/\">Contact<span class=\"child-arrow\"><\/span><\/a> <ul class=\"sub-menu\"><li  id=\"menu-item-654\" class=\"menu-item-page-613 menu-item menu-item-type-post_type menu-item-object-page menu-item-654 menu-page-613-parent-255\"><a  href=\"https:\/\/turismo.castielfabib.es\/en\/contacto\/oficina-de-turismo\/\">Tourism Office<\/a> <\/li>\n<li  id=\"menu-item-2974\" class=\"menu-item-custom-2974 menu-item menu-item-type-custom menu-item-object-custom menu-item-2974 menu-custom-2974-parent-255\"><a  target=\"_blank\" rel=\"noopener\" href=\"https:\/\/docs.google.com\/forms\/d\/e\/1FAIpQLSdZK1vOdT4DwJMTSl-O-DlX8nd399aizV5J4Q-qzc6-Zpl4yA\/viewform\">Satisfaction survey<\/a> <\/li>\n<li  id=\"menu-item-2973\" class=\"menu-item-page-2962 menu-item menu-item-type-post_type menu-item-object-page menu-item-2973 menu-page-2962-parent-255\"><a  href=\"https:\/\/turismo.castielfabib.es\/en\/contacto\/buzon-de-quejas-y-sugerencias\/\">Complaints and suggestions box<\/a> <\/li>\n<\/ul><\/li>\n<\/ul><\/div><\/div>\n<!-- \/module menu -->\n        <\/div>\n                        <\/div>\n        <\/div>\n            <\/div>\n<!--\/themify_builder_content--><\/div>\n<\/div>\n<!-- \/module template_part -->        <\/div>\n                        <\/div>\n        <\/div>\n                        <div  data-css_id=\"zpnz971\" data-lazy=\"1\" class=\"module_row themify_builder_row fullwidth_row_container tb_zpnz971 tf_w\">\n            <span class=\"builder_row_cover tf_abs\"><\/span>            <div class=\"row_inner col_align_top tb_col_count_1 tf_box tf_rel\">\n                        <div  data-lazy=\"1\" class=\"module_column tb-column col-full tb_da4q971 first\">\n                    <!-- module text -->\n<div  class=\"module module-text tb_nz0j971\" data-lazy=\"1\">\n        <div  class=\"tb_text_wrap\">\n        <h1 style=\"text-align: center;\"><strong>HIKING TRAILS<\/strong><\/h1>    <\/div>\n<\/div>\n<!-- \/module text -->        <\/div>\n                        <\/div>\n        <\/div>\n                        <div  data-lazy=\"1\" class=\"module_row themify_builder_row tb_jwou152 tf_w\">\n                        <div class=\"row_inner col_align_top tb_col_count_2 tf_box tf_rel\">\n                        <div  data-lazy=\"1\" class=\"module_column tb-column col4-2 tb_clfr152 first\">\n                    <!-- module text -->\n<div  class=\"module module-text tb_ed4h152\" data-lazy=\"1\">\n        <div  class=\"tb_text_wrap\">\n        <p>Welcome to the Castielfabib hiking trails. Although there may seem to be few, we have chosen to prioritize quality over quantity.<\/p><p>The trails you will be walking on are maintained and trimmed so that you can have a good, scratch-free experience.<\/p><p>The network of trails will take you to both summits and canyons with waterfalls, passing through a spectacular historical heritage.<\/p><p>Some routes are signposted, but we recommend following them with a GPS device or a smartphone using the free Wikiloc app. This app is very easy to use and will guarantee you follow the route correctly.<\/p><p>Over time we will be adding new routes and variations to take you to discover new and wonderful corners of our region. Follow us on our social media to stay up to date with all the news.<\/p>    <\/div>\n<\/div>\n<!-- \/module text --><!-- module text -->\n<div  class=\"module module-text tb_gylv152\" data-lazy=\"1\">\n        <div  class=\"tb_text_wrap\">\n        <p><strong>Want to have all the routes? DOWNLOAD THEM HERE<\/strong><\/p>    <\/div>\n<\/div>\n<!-- \/module text --><!-- module buttons -->\n<div  class=\"module module-buttons tb_frms152 buttons-horizontal outline  large rounded\" data-lazy=\"1\">\n        <div class=\"module-buttons-item tf_in_flx\">\n                        <a href=\"https:\/\/es.wikiloc.com\/wikiloc\/user.do?id=9057456\" class=\"ui builder_button tf_in_flx red\" target=\"_blank\" rel=\"noopener\">\n                                    <em><svg  class=\"tf_fa tf-fas-directions\" aria-hidden=\"true\"><use href=\"#tf-fas-directions\"><\/use><\/svg><\/em>                                        Wikiloc route                                        <\/a>\n                <\/div>\n                    <div class=\"module-buttons-item tf_in_flx\">\n                        <a href=\"https:\/\/turismo.castielfabib.es\/en\/contacto\/\" class=\"ui builder_button tf_in_flx black\" >\n                                    <em><svg  class=\"tf_fa tf-far-file-archive\" aria-hidden=\"true\"><use href=\"#tf-far-file-archive\"><\/use><\/svg><\/em>                                        Download GPX route                                        <\/a>\n                <\/div>\n            <\/div>\n<!-- \/module buttons -->\n        <\/div>\n                    <div  data-lazy=\"1\" class=\"module_column tb-column col4-2 tb_v0wv152 last\">\n                    <!-- module image -->\n<div  class=\"module module-image tb_5col152 image-top   auto_fullwidth tf_mw\" data-lazy=\"1\">\n        <div class=\"image-wrap tf_rel tf_mw\">\n            <img loading=\"lazy\" decoding=\"async\" src=\"https:\/\/turismo.castielfabib.es\/wp-content\/uploads\/2024\/06\/mapa_general_rutas-scaled-1-1024x842-500x410.jpeg\" width=\"500\" height=\"410\" class=\"wp-post-image wp-image-337\" title=\"Walking routes\" alt=\"Rutas a pie\" srcset=\"https:\/\/turismo.castielfabib.es\/wp-content\/uploads\/2024\/06\/mapa_general_rutas-scaled-1-1024x842-500x410.jpeg 500w, https:\/\/turismo.castielfabib.es\/wp-content\/uploads\/2024\/06\/mapa_general_rutas-scaled-1-300x247.jpeg 300w, https:\/\/turismo.castielfabib.es\/wp-content\/uploads\/2024\/06\/mapa_general_rutas-scaled-1-1024x842.jpeg 1024w, https:\/\/turismo.castielfabib.es\/wp-content\/uploads\/2024\/06\/mapa_general_rutas-scaled-1-768x631.jpeg 768w, https:\/\/turismo.castielfabib.es\/wp-content\/uploads\/2024\/06\/mapa_general_rutas-scaled-1-1536x1262.jpeg 1536w, https:\/\/turismo.castielfabib.es\/wp-content\/uploads\/2024\/06\/mapa_general_rutas-scaled-1-2048x1683.jpeg 2048w\" sizes=\"auto, (max-width: 500px) 100vw, 500px\" \/>    \n        <\/div>\n    <!-- \/image-wrap -->\n    \n        <div class=\"image-content\">\n                    <h3 class=\"image-title\">\n                                    Walking routes                            <\/h3>\n                    <\/div>\n    <!-- \/image-content -->\n        <\/div>\n<!-- \/module image -->        <\/div>\n                        <\/div>\n        <\/div>\n                        <div  data-css_id=\"ksa2143\" data-lazy=\"1\" class=\"module_row themify_builder_row fullwidth tb_ksa2143 tf_w\">\n                        <div class=\"row_inner col_align_bottom gutter-none tb_col_count_3 tf_box tf_rel\">\n                        <div  data-lazy=\"1\" class=\"module_column tb-column col3-1 tb_4gnh144 first\">\n        <span class=\"builder_row_cover tf_abs\"><\/span>            <!-- module text -->\n<div  class=\"module module-text tb_3ult144\" data-lazy=\"1\">\n        <div  class=\"tb_text_wrap\">\n        <h3>The Hills of April<\/h3>    <\/div>\n<\/div>\n<!-- \/module text --><!-- module buttons -->\n<div  class=\"module module-buttons tb_abdd144 buttons-horizontal outline   rounded\" data-lazy=\"1\">\n        <div class=\"module-buttons-item tf_in_flx\">\n                        <a href=\"https:\/\/themify.org\/\" class=\"ui builder_button tf_in_flx tb_default_color\" >\n                                                MORE INFO                                        <\/a>\n                <\/div>\n            <\/div>\n<!-- \/module buttons -->\n        <\/div>\n                    <div  data-lazy=\"1\" class=\"module_column tb-column col3-1 tb_a56d144\">\n        <span class=\"builder_row_cover tf_abs\"><\/span>            <!-- module text -->\n<div  class=\"module module-text tb_oq1v144\" data-lazy=\"1\">\n        <div  class=\"tb_text_wrap\">\n        <h3>The Rodeno<\/h3>    <\/div>\n<\/div>\n<!-- \/module text --><!-- module buttons -->\n<div  class=\"module module-buttons tb_ubsd144 buttons-horizontal outline   rounded\" data-lazy=\"1\">\n        <div class=\"module-buttons-item tf_in_flx\">\n                        <a href=\"https:\/\/themify.org\/\" class=\"ui builder_button tf_in_flx tb_default_color\" >\n                                                MORE INFO                                        <\/a>\n                <\/div>\n            <\/div>\n<!-- \/module buttons -->\n        <\/div>\n                    <div  data-lazy=\"1\" class=\"module_column tb-column col3-1 tb_kj8u144 last\">\n        <span class=\"builder_row_cover tf_abs\"><\/span>            <!-- module text -->\n<div  class=\"module module-text tb_jkyc144\" data-lazy=\"1\">\n        <div  class=\"tb_text_wrap\">\n        <h3>Cross of the Three Kingdoms<\/h3>    <\/div>\n<\/div>\n<!-- \/module text --><!-- module buttons -->\n<div  class=\"module module-buttons tb_nd02144 buttons-horizontal outline   rounded\" data-lazy=\"1\">\n        <div class=\"module-buttons-item tf_in_flx\">\n                        <a href=\"https:\/\/themify.org\/\" class=\"ui builder_button tf_in_flx tb_default_color\" >\n                                                MORE INFO                                        <\/a>\n                <\/div>\n            <\/div>\n<!-- \/module buttons -->\n        <\/div>\n                        <\/div>\n        <\/div>\n        <\/div>\n<!--\/themify_builder_content-->","protected":false},"excerpt":{"rendered":"<p>HIKING TRAILS<\/p>","protected":false},"author":1,"featured_media":0,"parent":236,"menu_order":0,"comment_status":"closed","ping_status":"closed","template":"","meta":{"footnotes":""},"class_list":["post-318","page","type-page","status-publish","hentry","has-post-title","has-post-date","has-post-category","has-post-tag","has-post-comment","has-post-author",""],"builder_content":"<h1 style=\"text-align: center;\"><strong>RUTAS PARA SENDERISTAS<\/strong><\/h1>\n<p>Os damos la bienvenida a las rutas de senderismo de Castielfabib, aunque puede parecer que hay pocas, hemos preferido primar la calidad por encima de la cantidad.<\/p><p>Los senderos que vais a recorrer est\u00e1n mantenidos y podados para que consig\u00e1is una buena experiencia exenta de ara\u00f1azos.<\/p><p>La red de senderos os llevar\u00e1n tanto a cumbres como a ca\u00f1ones con cascadas de agua, pasando por un patrimonio hist\u00f3rico espectacular.<\/p><p>En algunas rutas encontrar\u00e9is se\u00f1alizaci\u00f3n, pero os recomendamos que las sig\u00e1is con un dispositivo GPS o con un smartphone usando la aplicaci\u00f3n gratuita Wikiloc, esta app es muy sencilla de usar y nos garantizar\u00e1 seguir la ruta correctamente.<\/p><p>Con el tiempo iremos incorporando nuevas rutas y variantes para llevaros a descubrir nuevos y maravillosos rincones de nuestro t\u00e9rmino, seguidnos en nuestras redes sociales para estar al tanto de todas las novedades.<\/p>\n<p><strong>\u00bfQuieres tener todas las rutas? DESC\u00c1RGALAS AQU\u00cd<\/strong><\/p>\n<a href=\"https:\/\/es.wikiloc.com\/wikiloc\/user.do?id=9057456\" target=\"_blank\" rel=\"noopener\"> <em><svg aria-hidden=\"true\"><use href=\"#tf-fas-directions\"><\/use><\/svg><\/em> Ruta wikiloc <\/a> <a href=\"https:\/\/turismo.castielfabib.es\/contacto\/\" > <em><svg aria-hidden=\"true\"><use href=\"#tf-far-file-archive\"><\/use><\/svg><\/em> Descargar Ruta gpx <\/a>\n<img src=\"https:\/\/turismo.castielfabib.es\/wp-content\/uploads\/2024\/06\/mapa_general_rutas-scaled-1-1024x842-500x410.jpeg\" width=\"500\" height=\"410\" title=\"Rutas a pie\" alt=\"Rutas a pie\" srcset=\"https:\/\/turismo.castielfabib.es\/wp-content\/uploads\/2024\/06\/mapa_general_rutas-scaled-1-1024x842-500x410.jpeg 500w, https:\/\/turismo.castielfabib.es\/wp-content\/uploads\/2024\/06\/mapa_general_rutas-scaled-1-300x247.jpeg 300w, https:\/\/turismo.castielfabib.es\/wp-content\/uploads\/2024\/06\/mapa_general_rutas-scaled-1-1024x842.jpeg 1024w, https:\/\/turismo.castielfabib.es\/wp-content\/uploads\/2024\/06\/mapa_general_rutas-scaled-1-768x631.jpeg 768w, https:\/\/turismo.castielfabib.es\/wp-content\/uploads\/2024\/06\/mapa_general_rutas-scaled-1-1536x1262.jpeg 1536w, https:\/\/turismo.castielfabib.es\/wp-content\/uploads\/2024\/06\/mapa_general_rutas-scaled-1-2048x1683.jpeg 2048w\" sizes=\"(max-width: 500px) 100vw, 500px\" \/> <h3> Rutas a pie <\/h3>\n<h3>Las Lomas de Abril<\/h3>\n<a href=\"https:\/\/themify.org\/\" > M\u00c1S INFO <\/a>\n<h3>El Rodeno<\/h3>\n<a href=\"https:\/\/themify.org\/\" > M\u00c1S INFO <\/a>\n<h3>Cruz de los Tres Reinos<\/h3>\n<a href=\"https:\/\/themify.org\/\" > M\u00c1S INFO <\/a>","_links":{"self":[{"href":"https:\/\/turismo.castielfabib.es\/en\/wp-json\/wp\/v2\/pages\/318","targetHints":{"allow":["GET"]}}],"collection":[{"href":"https:\/\/turismo.castielfabib.es\/en\/wp-json\/wp\/v2\/pages"}],"about":[{"href":"https:\/\/turismo.castielfabib.es\/en\/wp-json\/wp\/v2\/types\/page"}],"author":[{"embeddable":true,"href":"https:\/\/turismo.castielfabib.es\/en\/wp-json\/wp\/v2\/users\/1"}],"replies":[{"embeddable":true,"href":"https:\/\/turismo.castielfabib.es\/en\/wp-json\/wp\/v2\/comments?post=318"}],"version-history":[{"count":33,"href":"https:\/\/turismo.castielfabib.es\/en\/wp-json\/wp\/v2\/pages\/318\/revisions"}],"predecessor-version":[{"id":1567,"href":"https:\/\/turismo.castielfabib.es\/en\/wp-json\/wp\/v2\/pages\/318\/revisions\/1567"}],"up":[{"embeddable":true,"href":"https:\/\/turismo.castielfabib.es\/en\/wp-json\/wp\/v2\/pages\/236"}],"wp:attachment":[{"href":"https:\/\/turismo.castielfabib.es\/en\/wp-json\/wp\/v2\/media?parent=318"}],"curies":[{"name":"wp","href":"https:\/\/api.w.org\/{rel}","templated":true}]}}