{"id":945,"date":"2025-09-24T01:33:02","date_gmt":"2025-09-23T23:33:02","guid":{"rendered":"https:\/\/turismo.accesia.info\/?page_id=945"},"modified":"2025-10-13T17:57:19","modified_gmt":"2025-10-13T15:57:19","slug":"aviso-legal","status":"publish","type":"page","link":"https:\/\/turismo.castielfabib.es\/va\/aviso-legal\/","title":{"rendered":"Av\u00eds legal"},"content":{"rendered":"<!--themify_builder_content-->\n<div id=\"themify_builder_content-945\" data-postid=\"945\" class=\"themify_builder_content themify_builder_content-945 themify_builder tf_clear\">\n                    <div  data-css_id=\"70dg325\" data-lazy=\"1\" class=\"module_row themify_builder_row fullwidth_row_container tb_70dg325 tb_first tf_w\">\n                        <div class=\"row_inner col_align_top tb_col_count_1 tf_box tf_rel\">\n                        <div  data-lazy=\"1\" class=\"module_column tb-column col-full tb_etx8326 first\">\n                    <!-- module template_part -->\n<div  class=\"module module-layout-part tb_gdw3502\">\n    <div class=\"tb_layout_part_wrap tf_w\"><!--themify_builder_content-->\n    <div  class=\"themify_builder_content themify_builder_content-703 themify_builder not_editable_builder in_the_loop\" data-postid=\"703\">\n                        <div  data-css_id=\"satc841\" data-lazy=\"1\" class=\"module_row themify_builder_row topheader fullwidth_row_container tb_satc841 tf_w\">\n                        <div class=\"row_inner col_align_top gutter-none tb_col_count_4 tf_box tf_rel\">\n                        <div  data-lazy=\"1\" class=\"module_column tb-column col4-1 tb_54s2841 first\">\n                    <!-- module icon -->\n<div  class=\"module module-icon tb_hyq4363   rounded icon_vertical\" data-lazy=\"1\" id=\"telefono-top-header-2\">\n            <div class=\"module-icon-item\">\n                            <a href=\"tel:978783100\" rel=\"noopener\" target=\"_blank\">\n                                                                    <em class=\"tf_box\" style=\"color:#ffffff\"><svg  class=\"tf_fa tf-fas-phone\" aria-hidden=\"true\"><use href=\"#tf-fas-phone\"><\/use><\/svg><\/em>\n                                                                            <span>978 783 100<\/span>\n                                                                    <\/a>\n                    <\/div>\n    <\/div>\n<!-- \/module icon -->\n        <\/div>\n                    <div  data-lazy=\"1\" class=\"module_column tb-column col4-1 tb_7isx97\">\n                    <!-- module icon -->\n<div  class=\"module module-icon tb_plsq259   rounded icon_vertical\" data-lazy=\"1\" id=\"telefono-top-header-2-2\">\n            <div class=\"module-icon-item\">\n                            <a href=\"tel:622485632\" rel=\"noopener\" target=\"_blank\">\n                                                                    <em class=\"tf_box\" style=\"color:#ffffff\"><svg  class=\"tf_fa tf-fas-mobile-alt\" aria-hidden=\"true\"><use href=\"#tf-fas-mobile-alt\"><\/use><\/svg><\/em>\n                                                                            <span>622485632<\/span>\n                                                                    <\/a>\n                    <\/div>\n    <\/div>\n<!-- \/module icon -->\n        <\/div>\n                    <div  data-lazy=\"1\" class=\"module_column tb-column col4-1 tb_56ay841\">\n                    <!-- module icon -->\n<div  class=\"module module-icon tb_mddl841   rounded icon_vertical\" data-lazy=\"1\" id=\"mail-top-header\">\n            <div class=\"module-icon-item\">\n                            <a href=\"mailto:turismo@castielfabib.es\" rel=\"noopener\" target=\"_blank\">\n                                                                    <em class=\"tf_box\" style=\"color:#ffffff\"><svg  class=\"tf_fa tf-fas-envelope\" aria-hidden=\"true\"><use href=\"#tf-fas-envelope\"><\/use><\/svg><\/em>\n                                                                            <span>turismo@castielfabib.es<\/span>\n                                                                    <\/a>\n                    <\/div>\n    <\/div>\n<!-- \/module icon -->\n        <\/div>\n                    <div  data-lazy=\"1\" class=\"module_column tb-column col4-1 tb_z1si841 last\">\n                    <!-- module widget -->\n<div  class=\"module module-widget tb_by6236  repeat\" data-lazy=\"1\">\n    <div class=\"widget themify-social-links\"><ul class=\"social-links horizontal\">\n                        <li class=\"social-link-item facebook font-icon icon-medium\">\n                            <a href=\"https:\/\/www.facebook.com\/touristinforinconademuz\" aria-label=\"facebook\" target=\"_blank\" rel=\"noopener\"><em style=\"color:#ffffff;\"><svg  aria-label=\"Facebook\" class=\"tf_fa tf-fab-facebook\" role=\"img\"><use href=\"#tf-fab-facebook\"><\/use><\/svg><\/em>  <\/a>\n                        <\/li>\n                        <!-- \/themify-link-item -->\n                        <li class=\"social-link-item instagram font-icon icon-medium\">\n                            <a href=\"https:\/\/www.instagram.com\/ayucastielfabib\" aria-label=\"instagram\" target=\"_blank\" rel=\"noopener\"><em style=\"color:#ffffff;\"><svg  aria-label=\"Instagram\" class=\"tf_fa tf-fab-instagram\" role=\"img\"><use href=\"#tf-fab-instagram\"><\/use><\/svg><\/em>  <\/a>\n                        <\/li>\n                        <!-- \/themify-link-item -->\n                        <li class=\"social-link-item youtube font-icon icon-medium\">\n                            <a href=\"https:\/\/www.youtube.com\/channel\/UC0d50fFIZwUejFZ2_kpwggQ\" aria-label=\"youtube\" target=\"_blank\" rel=\"noopener\"><em style=\"color:#ffffff;\"><svg  aria-label=\"Youtube\" class=\"tf_fa tf-fab-youtube\" role=\"img\"><use href=\"#tf-fab-youtube\"><\/use><\/svg><\/em>  <\/a>\n                        <\/li>\n                        <!-- \/themify-link-item -->\n                        <li class=\"social-link-item wikiloc font-icon icon-medium\">\n                            <a href=\"https:\/\/es.wikiloc.com\/wikiloc\/user.do?id=9057456\" aria-label=\"wikiloc\" target=\"_blank\" rel=\"noopener\"><em style=\"color:rgba(255, 255, 255, 1);\"><svg  aria-label=\"Wikiloc\" class=\"tf_fa tf-fontello-wikilocwhite icon-fontello-wikilocwhite\" role=\"img\"><use href=\"#tf-fontello-wikilocwhite\"><\/use><\/svg><\/em>  <\/a>\n                        <\/li>\n                        <!-- \/themify-link-item --><\/ul><\/div><\/div>\n<!-- \/module widget -->\n        <\/div>\n                        <\/div>\n        <\/div>\n            <\/div>\n<!--\/themify_builder_content--><\/div>\n<\/div>\n<!-- \/module template_part --><!-- module template_part -->\n<div  class=\"module module-layout-part tb_hqxs613\">\n    <div class=\"tb_layout_part_wrap tf_w\"><!--themify_builder_content-->\n    <div  class=\"themify_builder_content themify_builder_content-706 themify_builder not_editable_builder in_the_loop\" data-postid=\"706\">\n                        <div  data-css_id=\"uo9n685\" data-lazy=\"1\" class=\"module_row themify_builder_row fullwidth_row_container tb_uo9n685 tf_w\">\n                        <div class=\"row_inner col_align_middle tb_col_count_2 tf_box tf_rel\">\n                        <div  data-lazy=\"1\" class=\"module_column tb-column col4-2 tb_be0z685 first\">\n                    <!-- module image -->\n<div  class=\"module module-image tb_57b3685 image-top   auto_fullwidth tf_mw\" data-lazy=\"1\">\n        <div class=\"image-wrap tf_rel tf_mw\">\n            <a href=\"https:\/\/turismo.castielfabib.es\/va\/\">\n                   <img loading=\"lazy\" decoding=\"async\" src=\"https:\/\/turismo.castielfabib.es\/wp-content\/uploads\/2025\/09\/TURISMO-CASTIEL.svg\" width=\"127\" height=\"40\" class=\"wp-post-image wp-image-691\" title=\"Logo de Turisme Castielfabib\" alt=\"Logo de Turismo Castielfabib\">        <\/a>\n    \n        <\/div>\n    <!-- \/image-wrap -->\n    \n        <\/div>\n<!-- \/module image -->        <\/div>\n                    <div  data-lazy=\"1\" class=\"module_column tb-column col4-2 tb_i7kg685 last\">\n                    <!-- module menu -->\n<div  class=\"module module-menu tb_apv3685  mobile-menu-dropdown\" data-menu-style=\"mobile-menu-dropdown\" data-menu-breakpoint=\"1000\" data-menu-direction=\"right\" data-element-id=\"tb_apv3685\" data-lazy=\"1\">\n            <style>\n            @media(max-width:1000px){\n                .tb_apv3685 .menu-module-burger{\n                    display:inline-block\n                }\n                .tb_apv3685 .module-menu-container{\n                    display:none\n                }\n                .tb_apv3685 .module-menu-container.is-open{\n                    display:block\n                }\n            }\n        <\/style>\n        <a rel=\"nofollow\" href=\"#\" class=\"tf_hide menu-module-burger\">\n            <span class=\"menu-module-burger-inner tf_inline_b tf_rel\"><\/span>\n            <span class=\"screen-reader-text\">Menu<\/span>\n        <\/a>\n        \n    <div class=\"module-menu-container tb_mega_menu\"><ul id=\"menu-menu-main\" class=\"ui tf_clearfix nav tf_rel tf_scrollbar fullwidth transparent\"><li  id=\"menu-item-216\" class=\"menu-item-page-47 menu-item menu-item-type-post_type menu-item-object-page menu-item-home menu-item-216\"><a  href=\"https:\/\/turismo.castielfabib.es\/en\/\">Inici<\/a> <\/li>\n<li  id=\"menu-item-1044\" class=\"menu-item-custom-1044 menu-item menu-item-type-custom menu-item-object-custom menu-item-has-children has-sub-menu menu-item-1044\" aria-haspopup=\"true\"><a >Descobreix Castielfabib<span class=\"child-arrow\"><\/span><\/a> <ul class=\"sub-menu\"><li  id=\"menu-item-1674\" class=\"menu-item-page-1554 menu-item menu-item-type-post_type menu-item-object-page menu-item-1674 menu-page-1554-parent-1044\"><a  href=\"https:\/\/turismo.castielfabib.es\/en\/descubre-castielfabib\/historia\/\">Hist\u00f2ria<\/a> <\/li>\n<li  id=\"menu-item-1673\" class=\"menu-item-page-1557 menu-item menu-item-type-post_type menu-item-object-page menu-item-1673 menu-page-1557-parent-1044\"><a  href=\"https:\/\/turismo.castielfabib.es\/en\/descubre-castielfabib\/cultura\/\">Cultura<\/a> <\/li>\n<li  id=\"menu-item-1807\" class=\"menu-item-page-1742 menu-item menu-item-type-post_type menu-item-object-page menu-item-1807 menu-page-1742-parent-1044\"><a  href=\"https:\/\/turismo.castielfabib.es\/en\/descubre-castielfabib\/naturaleza\/\">Natura<\/a> <\/li>\n<\/ul><\/li>\n<li  id=\"menu-item-1912\" class=\"menu-item-page-1905 menu-item menu-item-type-post_type menu-item-object-page menu-item-1912\"><a  href=\"https:\/\/turismo.castielfabib.es\/en\/turismo-activo\/\">Turisme actiu<\/a> <\/li>\n<li  id=\"menu-item-1043\" class=\"menu-item-custom-1043 menu-item menu-item-type-custom menu-item-object-custom menu-item-has-children has-sub-menu menu-item-1043\" aria-haspopup=\"true\"><a >Planifica el teu viatge<span class=\"child-arrow\"><\/span><\/a> <ul class=\"sub-menu\"><li  id=\"menu-item-250\" class=\"menu-item-page-231 menu-item menu-item-type-post_type menu-item-object-page menu-item-250 menu-page-231-parent-1043\"><a  href=\"https:\/\/turismo.castielfabib.es\/en\/planifica-tu-viaje\/donde-dormir\/\">On dormir<\/a> <\/li>\n<li  id=\"menu-item-249\" class=\"menu-item-page-22 menu-item menu-item-type-post_type menu-item-object-page menu-item-249 menu-page-22-parent-1043\"><a  href=\"https:\/\/turismo.castielfabib.es\/en\/planifica-tu-viaje\/donde-comer\/\">On menjar<\/a> <\/li>\n<li  id=\"menu-item-251\" class=\"menu-item-page-227 menu-item menu-item-type-post_type menu-item-object-page menu-item-251 menu-page-227-parent-1043\"><a  href=\"https:\/\/turismo.castielfabib.es\/en\/planifica-tu-viaje\/como-llegar\/\">Com arribar<\/a> <\/li>\n<li  id=\"menu-item-1869\" class=\"menu-item-page-1836 menu-item menu-item-type-post_type menu-item-object-page menu-item-1869 menu-page-1836-parent-1043\"><a  href=\"https:\/\/turismo.castielfabib.es\/en\/planifica-tu-viaje\/comercios\/\">Comer\u00e7os<\/a> <\/li>\n<\/ul><\/li>\n<li  id=\"menu-item-1054\" class=\"menu-item-page-1052 menu-item menu-item-type-post_type menu-item-object-page menu-item-1054\"><a  href=\"https:\/\/turismo.castielfabib.es\/en\/eventos\/\">Esdeveniments<\/a> <\/li>\n<li  id=\"menu-item-255\" class=\"menu-item-page-51 menu-item menu-item-type-post_type menu-item-object-page menu-item-has-children has-sub-menu menu-item-255\" aria-haspopup=\"true\"><a  href=\"https:\/\/turismo.castielfabib.es\/en\/contacto\/\">Contacte<span class=\"child-arrow\"><\/span><\/a> <ul class=\"sub-menu\"><li  id=\"menu-item-654\" class=\"menu-item-page-613 menu-item menu-item-type-post_type menu-item-object-page menu-item-654 menu-page-613-parent-255\"><a  href=\"https:\/\/turismo.castielfabib.es\/en\/contacto\/oficina-de-turismo\/\">Oficina de turisme<\/a> <\/li>\n<li  id=\"menu-item-2974\" class=\"menu-item-custom-2974 menu-item menu-item-type-custom menu-item-object-custom menu-item-2974 menu-custom-2974-parent-255\"><a  target=\"_blank\" rel=\"noopener\" href=\"https:\/\/docs.google.com\/forms\/d\/e\/1FAIpQLSdZK1vOdT4DwJMTSl-O-DlX8nd399aizV5J4Q-qzc6-Zpl4yA\/viewform\">Enquesta de satisfacci\u00f3<\/a> <\/li>\n<li  id=\"menu-item-2973\" class=\"menu-item-page-2962 menu-item menu-item-type-post_type menu-item-object-page menu-item-2973 menu-page-2962-parent-255\"><a  href=\"https:\/\/turismo.castielfabib.es\/en\/contacto\/buzon-de-quejas-y-sugerencias\/\">B\u00fastia de queixes i suggeriments<\/a> <\/li>\n<\/ul><\/li>\n<\/ul><\/div><\/div>\n<!-- \/module menu -->\n        <\/div>\n                        <\/div>\n        <\/div>\n            <\/div>\n<!--\/themify_builder_content--><\/div>\n<\/div>\n<!-- \/module template_part -->        <\/div>\n                        <\/div>\n        <\/div>\n                        <div  data-css_id=\"zpnz971\" data-lazy=\"1\" class=\"module_row themify_builder_row fullwidth_row_container tb_zpnz971 tf_w\">\n            <span class=\"builder_row_cover tf_abs\"><\/span>            <div class=\"row_inner col_align_top tb_col_count_1 tf_box tf_rel\">\n                        <div  data-lazy=\"1\" class=\"module_column tb-column col-full tb_da4q971 first\">\n                    <!-- module text -->\n<div  class=\"module module-text tb_nz0j971\" data-lazy=\"1\">\n        <div  class=\"tb_text_wrap\">\n        <h1 style=\"text-align: center;\"><strong>AV\u00cdS LEGAL<\/strong><\/h1>    <\/div>\n<\/div>\n<!-- \/module text -->        <\/div>\n                        <\/div>\n        <\/div>\n                        <div  data-lazy=\"1\" class=\"module_row themify_builder_row tb_gugh477 tf_w\">\n                        <div class=\"row_inner col_align_top tb_col_count_1 tf_box tf_rel\">\n                        <div  data-lazy=\"1\" class=\"module_column tb-column col-full tb_i2u9477 first\">\n                    <!-- module text -->\n<div  class=\"module module-text tb_ksp5477\" data-lazy=\"1\">\n        <div  class=\"tb_text_wrap\">\n        <h3 data-start=\"144\" data-end=\"175\">Titularitat del lloc web<\/h3>\n<p data-start=\"176\" data-end=\"455\">En compliment del que estableix la Llei 34\/2002, d&#039;11 de juliol, de Serveis de la Societat de la Informaci\u00f3 i del Comer\u00e7 Electr\u00f2nic (LSSI-CE), aix\u00ed com la normativa aplicable sobre protecci\u00f3 de dades personals i propietat intel\u00b7lectual, s&#039;informa del seg\u00fcent:<\/p>\n<p data-start=\"457\" data-end=\"663\">El titular d&#039;aquest lloc web \u00e9s el <strong data-start=\"492\" data-end=\"524\">Ajuntament de Castielfabib <\/strong><span data-start=\"492\" data-end=\"524\">ubicat\u00a0<\/span>a Pla\u00e7a de la Vila, 1, 46141 Castielfabib, Val\u00e8ncia, tel\u00e8fon <a href=\"tel:978783100\">978 783 100<\/a> i correu electr\u00f2nic <a class=\"decorated-link cursor-pointer\" rel=\"noopener\" data-start=\"637\" data-end=\"660\">turismo@castielfabib.es<\/a>.<\/p>\n<h3 data-start=\"665\" data-end=\"691\">Objecte del lloc web<\/h3>\n<p data-start=\"692\" data-end=\"938\">L\u00b4objectiu d\u00b4aquest lloc web \u00e9s oferir informaci\u00f3 tur\u00edstica del municipi de Castielfabib, incloent continguts sobre patrimoni, rutes, serveis, allotjaments, esdeveniments, naturalesa i altres apartats d\u00b4inter\u00e8s per a visitants i ciutadans.<\/p>\n<h3 data-start=\"940\" data-end=\"964\">Condicions d&#039;\u00fas<\/h3>\n<p data-start=\"965\" data-end=\"1403\">L&#039;acc\u00e9s i l&#039;\u00fas d&#039;aquest lloc web atribueix la condici\u00f3 d&#039;usuari i implica l&#039;acceptaci\u00f3 de les condicions exposades aqu\u00ed. L&#039;usuari es compromet a fer un \u00fas adequat de la web, els seus serveis i continguts, d&#039;acord amb la llei, la bona fe, l&#039;ordre p\u00fablic i aquest av\u00eds legal. Queda prohibit utilitzar els continguts amb finalitats il\u00b7l\u00edcites, comercials o publicit\u00e0ries sense autoritzaci\u00f3 expressa de l&#039;Ajuntament de Castielfabib.<\/p>\n<h3 data-start=\"1405\" data-end=\"1445\">Propietat intel\u00b7lectual i industrial<\/h3>\n<p data-start=\"1446\" data-end=\"1827\">Tots els continguts de la web, incloent-hi textos, imatges, logotips, dissenys gr\u00e0fics, programari o qualsevol altre material, estan protegits per la legislaci\u00f3 vigent en mat\u00e8ria de propietat intel\u00b7lectual i industrial. La reproducci\u00f3, distribuci\u00f3 o comunicaci\u00f3 p\u00fablica, total o parcial, sense autoritzaci\u00f3 expressa de l&#039;Ajuntament o dels titulars leg\u00edtims, queda prohibida.<\/p>\n<h3 data-start=\"1829\" data-end=\"1851\">Enlla\u00e7os externs<\/h3>\n<p data-start=\"1852\" data-end=\"2158\">Aquest lloc pot contenir enlla\u00e7os a p\u00e0gines externes sobre les quals l&#039;Ajuntament no t\u00e9 control ni responsabilitat respecte dels seus continguts o el funcionament correcte dels enlla\u00e7os. L&#039;exist\u00e8ncia d&#039;aquests enlla\u00e7os no implica cap relaci\u00f3, recomanaci\u00f3 o aprovaci\u00f3 per part de l&#039;Ajuntament.<\/p>\n<h3 data-start=\"2160\" data-end=\"2196\">Protecci\u00f3 de dades personals<\/h3>\n<p data-start=\"2197\" data-end=\"2513\">Les dades personals que els usuaris puguin proporcionar a trav\u00e9s del lloc seran tractades d&#039;acord amb la normativa vigent en mat\u00e8ria de protecci\u00f3 de dades. Les condicions completes del tractament, finalitats i drets dels usuaris es recullen a la <strong data-start=\"2455\" data-end=\"2481\"><a href=\"https:\/\/turismo.castielfabib.es\/va\/politica-de-privacidad\/\">Pol\u00edtica de Privadesa<\/a><\/strong> disponible en aquest lloc web.<\/p>\n<h3 data-start=\"2515\" data-end=\"2550\">Limitaci\u00f3 de responsabilitat<\/h3>\n<p data-start=\"2551\" data-end=\"2936\">L&#039;Ajuntament de Castielfabib no garanteix la disponibilitat ni continu\u00eftat del funcionament del lloc web, ni l&#039;abs\u00e8ncia d&#039;errors en els seus continguts, encara que s&#039;esfor\u00e7ar\u00e0 a evitar-los i corregir-los com m\u00e9s aviat millor. Tampoc no es responsabilitza dels danys que es puguin derivar d&#039;interfer\u00e8ncies, interrupcions, virus inform\u00e0tics o desconnexions causades per factors aliens.<\/p>\n<h3 data-start=\"2938\" data-end=\"2980\">Legislaci\u00f3 aplicable i jurisdicci\u00f3<\/h3>\n<p data-start=\"2981\" data-end=\"3244\">Aquest av\u00eds legal es regeix per la legislaci\u00f3 espanyola. Per a la resoluci\u00f3 de qualsevol conflicte que es pugui derivar de la interpretaci\u00f3 o \u00fas del lloc web seran competents els \u00f2rgans jurisdiccionals que corresponguin dacord amb la normativa aplicable.<\/p>\n<h3 data-start=\"3246\" data-end=\"3267\">Actualitzacions<\/h3>\n<p data-start=\"3268\" data-end=\"3463\">L&#039;Ajuntament de Castielfabib es reserva el dret d&#039;actualitzar o modificar aquest av\u00eds legal en qualsevol moment, aix\u00ed com els continguts i disseny de la web, sense necessitat de previ av\u00eds.<\/p>    <\/div>\n<\/div>\n<!-- \/module text -->        <\/div>\n                        <\/div>\n        <\/div>\n        <\/div>\n<!--\/themify_builder_content-->","protected":false},"excerpt":{"rendered":"<p>AV\u00cdS LEGAL<\/p>","protected":false},"author":1,"featured_media":0,"parent":0,"menu_order":0,"comment_status":"closed","ping_status":"closed","template":"","meta":{"footnotes":""},"class_list":["post-945","page","type-page","status-publish","hentry","has-post-title","has-post-date","has-post-category","has-post-tag","has-post-comment","has-post-author",""],"builder_content":"<h1 style=\"text-align: center;\"><strong>AVISO LEGAL<\/strong><\/h1>\n<h3 data-start=\"144\" data-end=\"175\">Titularidad del sitio web<\/h3> <p data-start=\"176\" data-end=\"455\">En cumplimiento de lo establecido en la Ley 34\/2002, de 11 de julio, de Servicios de la Sociedad de la Informaci\u00f3n y del Comercio Electr\u00f3nico (LSSI-CE), as\u00ed como en la normativa aplicable sobre protecci\u00f3n de datos personales y propiedad intelectual, se informa de lo siguiente:<\/p> <p data-start=\"457\" data-end=\"663\">El titular de este sitio web es el <strong data-start=\"492\" data-end=\"524\">Ayuntamiento de Castielfabib <\/strong>ubicado\u00a0en Plaza de la Villa, 1, 46141 Castielfabib, Valencia, tel\u00e9fono <a href=\"tel:978783100\">978 783 100<\/a> y correo electr\u00f3nico <a rel=\"noopener\" data-start=\"637\" data-end=\"660\">turismo@castielfabib.es<\/a>.<\/p> <h3 data-start=\"665\" data-end=\"691\">Objeto del sitio web<\/h3> <p data-start=\"692\" data-end=\"938\">El objetivo de este sitio web es ofrecer informaci\u00f3n tur\u00edstica del municipio de Castielfabib, incluyendo contenidos sobre patrimonio, rutas, servicios, alojamientos, eventos, naturaleza y otros apartados de inter\u00e9s para visitantes y ciudadanos.<\/p> <h3 data-start=\"940\" data-end=\"964\">Condiciones de uso<\/h3> <p data-start=\"965\" data-end=\"1403\">El acceso y uso de este sitio web atribuye la condici\u00f3n de usuario e implica la aceptaci\u00f3n de las condiciones aqu\u00ed expuestas. El usuario se compromete a hacer un uso adecuado de la web, sus servicios y contenidos, conforme a la ley, la buena fe, el orden p\u00fablico y el presente aviso legal. Queda prohibido utilizar los contenidos con fines il\u00edcitos, comerciales o publicitarios sin autorizaci\u00f3n expresa del Ayuntamiento de Castielfabib.<\/p> <h3 data-start=\"1405\" data-end=\"1445\">Propiedad intelectual e industrial<\/h3> <p data-start=\"1446\" data-end=\"1827\">Todos los contenidos de la web, incluyendo textos, im\u00e1genes, logotipos, dise\u00f1os gr\u00e1ficos, software o cualquier otro material, est\u00e1n protegidos por la legislaci\u00f3n vigente en materia de propiedad intelectual e industrial. Su reproducci\u00f3n, distribuci\u00f3n o comunicaci\u00f3n p\u00fablica, total o parcial, sin autorizaci\u00f3n expresa del Ayuntamiento o de los titulares leg\u00edtimos, queda prohibida.<\/p> <h3 data-start=\"1829\" data-end=\"1851\">Enlaces externos<\/h3> <p data-start=\"1852\" data-end=\"2158\">Este sitio puede contener enlaces a p\u00e1ginas externas sobre las que el Ayuntamiento no tiene control ni responsabilidad respecto a sus contenidos o al correcto funcionamiento de los enlaces. La existencia de dichos enlaces no implica relaci\u00f3n, recomendaci\u00f3n o aprobaci\u00f3n alguna por parte del Ayuntamiento.<\/p> <h3 data-start=\"2160\" data-end=\"2196\">Protecci\u00f3n de datos personales<\/h3> <p data-start=\"2197\" data-end=\"2513\">Los datos personales que los usuarios puedan proporcionar a trav\u00e9s del sitio ser\u00e1n tratados conforme a la normativa vigente en materia de protecci\u00f3n de datos. Las condiciones completas del tratamiento, finalidades y derechos de los usuarios se recogen en la <strong data-start=\"2455\" data-end=\"2481\"><a href=\"https:\/\/turismo.castielfabib.es\/politica-de-privacidad\/\">Pol\u00edtica de Privacidad<\/a><\/strong> disponible en este sitio web.<\/p> <h3 data-start=\"2515\" data-end=\"2550\">Limitaci\u00f3n de responsabilidad<\/h3> <p data-start=\"2551\" data-end=\"2936\">El Ayuntamiento de Castielfabib no garantiza la disponibilidad ni continuidad del funcionamiento del sitio web, ni la ausencia de errores en sus contenidos, aunque se esforzar\u00e1 en evitarlos y corregirlos lo antes posible. Tampoco se responsabiliza de los da\u00f1os que pudieran derivarse de interferencias, interrupciones, virus inform\u00e1ticos o desconexiones causadas por factores ajenos.<\/p> <h3 data-start=\"2938\" data-end=\"2980\">Legislaci\u00f3n aplicable y jurisdicci\u00f3n<\/h3> <p data-start=\"2981\" data-end=\"3244\">Este aviso legal se rige por la legislaci\u00f3n espa\u00f1ola. Para la resoluci\u00f3n de cualquier conflicto que pudiera derivarse de la interpretaci\u00f3n o uso del sitio web ser\u00e1n competentes los \u00f3rganos jurisdiccionales que correspondan de acuerdo con la normativa aplicable.<\/p> <h3 data-start=\"3246\" data-end=\"3267\">Actualizaciones<\/h3> <p data-start=\"3268\" data-end=\"3463\">El Ayuntamiento de Castielfabib se reserva el derecho de actualizar o modificar este aviso legal en cualquier momento, as\u00ed como los contenidos y dise\u00f1o de la web, sin necesidad de previo aviso.<\/p>","_links":{"self":[{"href":"https:\/\/turismo.castielfabib.es\/va\/wp-json\/wp\/v2\/pages\/945","targetHints":{"allow":["GET"]}}],"collection":[{"href":"https:\/\/turismo.castielfabib.es\/va\/wp-json\/wp\/v2\/pages"}],"about":[{"href":"https:\/\/turismo.castielfabib.es\/va\/wp-json\/wp\/v2\/types\/page"}],"author":[{"embeddable":true,"href":"https:\/\/turismo.castielfabib.es\/va\/wp-json\/wp\/v2\/users\/1"}],"replies":[{"embeddable":true,"href":"https:\/\/turismo.castielfabib.es\/va\/wp-json\/wp\/v2\/comments?post=945"}],"version-history":[{"count":10,"href":"https:\/\/turismo.castielfabib.es\/va\/wp-json\/wp\/v2\/pages\/945\/revisions"}],"predecessor-version":[{"id":2874,"href":"https:\/\/turismo.castielfabib.es\/va\/wp-json\/wp\/v2\/pages\/945\/revisions\/2874"}],"wp:attachment":[{"href":"https:\/\/turismo.castielfabib.es\/va\/wp-json\/wp\/v2\/media?parent=945"}],"curies":[{"name":"wp","href":"https:\/\/api.w.org\/{rel}","templated":true}]}}