{"id":954,"date":"2025-09-24T01:43:56","date_gmt":"2025-09-23T23:43:56","guid":{"rendered":"https:\/\/turismo.accesia.info\/?page_id=954"},"modified":"2025-10-13T17:57:45","modified_gmt":"2025-10-13T15:57:45","slug":"politica-de-privacidad","status":"publish","type":"page","link":"https:\/\/turismo.castielfabib.es\/va\/politica-de-privacidad\/","title":{"rendered":"Pol\u00edtica de privacitat"},"content":{"rendered":"<!--themify_builder_content-->\n<div id=\"themify_builder_content-954\" data-postid=\"954\" class=\"themify_builder_content themify_builder_content-954 themify_builder tf_clear\">\n                    <div  data-css_id=\"70dg325\" data-lazy=\"1\" class=\"module_row themify_builder_row fullwidth_row_container tb_70dg325 tb_first tf_w\">\n                        <div class=\"row_inner col_align_top tb_col_count_1 tf_box tf_rel\">\n                        <div  data-lazy=\"1\" class=\"module_column tb-column col-full tb_etx8326 first\">\n                    <!-- module template_part -->\n<div  class=\"module module-layout-part tb_gdw3502\">\n    <div class=\"tb_layout_part_wrap tf_w\"><!--themify_builder_content-->\n    <div  class=\"themify_builder_content themify_builder_content-703 themify_builder not_editable_builder in_the_loop\" data-postid=\"703\">\n                        <div  data-css_id=\"satc841\" data-lazy=\"1\" class=\"module_row themify_builder_row topheader fullwidth_row_container tb_satc841 tf_w\">\n                        <div class=\"row_inner col_align_top gutter-none tb_col_count_4 tf_box tf_rel\">\n                        <div  data-lazy=\"1\" class=\"module_column tb-column col4-1 tb_54s2841 first\">\n                    <!-- module icon -->\n<div  class=\"module module-icon tb_hyq4363   rounded icon_vertical\" data-lazy=\"1\" id=\"telefono-top-header-2\">\n            <div class=\"module-icon-item\">\n                            <a href=\"tel:978783100\" rel=\"noopener\" target=\"_blank\">\n                                                                    <em class=\"tf_box\" style=\"color:#ffffff\"><svg  class=\"tf_fa tf-fas-phone\" aria-hidden=\"true\"><use href=\"#tf-fas-phone\"><\/use><\/svg><\/em>\n                                                                            <span>978 783 100<\/span>\n                                                                    <\/a>\n                    <\/div>\n    <\/div>\n<!-- \/module icon -->\n        <\/div>\n                    <div  data-lazy=\"1\" class=\"module_column tb-column col4-1 tb_7isx97\">\n                    <!-- module icon -->\n<div  class=\"module module-icon tb_plsq259   rounded icon_vertical\" data-lazy=\"1\" id=\"telefono-top-header-2-2\">\n            <div class=\"module-icon-item\">\n                            <a href=\"tel:622485632\" rel=\"noopener\" target=\"_blank\">\n                                                                    <em class=\"tf_box\" style=\"color:#ffffff\"><svg  class=\"tf_fa tf-fas-mobile-alt\" aria-hidden=\"true\"><use href=\"#tf-fas-mobile-alt\"><\/use><\/svg><\/em>\n                                                                            <span>622485632<\/span>\n                                                                    <\/a>\n                    <\/div>\n    <\/div>\n<!-- \/module icon -->\n        <\/div>\n                    <div  data-lazy=\"1\" class=\"module_column tb-column col4-1 tb_56ay841\">\n                    <!-- module icon -->\n<div  class=\"module module-icon tb_mddl841   rounded icon_vertical\" data-lazy=\"1\" id=\"mail-top-header\">\n            <div class=\"module-icon-item\">\n                            <a href=\"mailto:turismo@castielfabib.es\" rel=\"noopener\" target=\"_blank\">\n                                                                    <em class=\"tf_box\" style=\"color:#ffffff\"><svg  class=\"tf_fa tf-fas-envelope\" aria-hidden=\"true\"><use href=\"#tf-fas-envelope\"><\/use><\/svg><\/em>\n                                                                            <span>turismo@castielfabib.es<\/span>\n                                                                    <\/a>\n                    <\/div>\n    <\/div>\n<!-- \/module icon -->\n        <\/div>\n                    <div  data-lazy=\"1\" class=\"module_column tb-column col4-1 tb_z1si841 last\">\n                    <!-- module widget -->\n<div  class=\"module module-widget tb_by6236  repeat\" data-lazy=\"1\">\n    <div class=\"widget themify-social-links\"><ul class=\"social-links horizontal\">\n                        <li class=\"social-link-item facebook font-icon icon-medium\">\n                            <a href=\"https:\/\/www.facebook.com\/touristinforinconademuz\" aria-label=\"facebook\" target=\"_blank\" rel=\"noopener\"><em style=\"color:#ffffff;\"><svg  aria-label=\"Facebook\" class=\"tf_fa tf-fab-facebook\" role=\"img\"><use href=\"#tf-fab-facebook\"><\/use><\/svg><\/em>  <\/a>\n                        <\/li>\n                        <!-- \/themify-link-item -->\n                        <li class=\"social-link-item instagram font-icon icon-medium\">\n                            <a href=\"https:\/\/www.instagram.com\/ayucastielfabib\" aria-label=\"instagram\" target=\"_blank\" rel=\"noopener\"><em style=\"color:#ffffff;\"><svg  aria-label=\"Instagram\" class=\"tf_fa tf-fab-instagram\" role=\"img\"><use href=\"#tf-fab-instagram\"><\/use><\/svg><\/em>  <\/a>\n                        <\/li>\n                        <!-- \/themify-link-item -->\n                        <li class=\"social-link-item youtube font-icon icon-medium\">\n                            <a href=\"https:\/\/www.youtube.com\/channel\/UC0d50fFIZwUejFZ2_kpwggQ\" aria-label=\"youtube\" target=\"_blank\" rel=\"noopener\"><em style=\"color:#ffffff;\"><svg  aria-label=\"Youtube\" class=\"tf_fa tf-fab-youtube\" role=\"img\"><use href=\"#tf-fab-youtube\"><\/use><\/svg><\/em>  <\/a>\n                        <\/li>\n                        <!-- \/themify-link-item -->\n                        <li class=\"social-link-item wikiloc font-icon icon-medium\">\n                            <a href=\"https:\/\/es.wikiloc.com\/wikiloc\/user.do?id=9057456\" aria-label=\"wikiloc\" target=\"_blank\" rel=\"noopener\"><em style=\"color:rgba(255, 255, 255, 1);\"><svg  aria-label=\"Wikiloc\" class=\"tf_fa tf-fontello-wikilocwhite icon-fontello-wikilocwhite\" role=\"img\"><use href=\"#tf-fontello-wikilocwhite\"><\/use><\/svg><\/em>  <\/a>\n                        <\/li>\n                        <!-- \/themify-link-item --><\/ul><\/div><\/div>\n<!-- \/module widget -->\n        <\/div>\n                        <\/div>\n        <\/div>\n            <\/div>\n<!--\/themify_builder_content--><\/div>\n<\/div>\n<!-- \/module template_part --><!-- module template_part -->\n<div  class=\"module module-layout-part tb_hqxs613\">\n    <div class=\"tb_layout_part_wrap tf_w\"><!--themify_builder_content-->\n    <div  class=\"themify_builder_content themify_builder_content-706 themify_builder not_editable_builder in_the_loop\" data-postid=\"706\">\n                        <div  data-css_id=\"uo9n685\" data-lazy=\"1\" class=\"module_row themify_builder_row fullwidth_row_container tb_uo9n685 tf_w\">\n                        <div class=\"row_inner col_align_middle tb_col_count_2 tf_box tf_rel\">\n                        <div  data-lazy=\"1\" class=\"module_column tb-column col4-2 tb_be0z685 first\">\n                    <!-- module image -->\n<div  class=\"module module-image tb_57b3685 image-top   auto_fullwidth tf_mw\" data-lazy=\"1\">\n        <div class=\"image-wrap tf_rel tf_mw\">\n            <a href=\"https:\/\/turismo.castielfabib.es\/va\/\">\n                   <img loading=\"lazy\" decoding=\"async\" src=\"https:\/\/turismo.castielfabib.es\/wp-content\/uploads\/2025\/09\/TURISMO-CASTIEL.svg\" width=\"127\" height=\"40\" class=\"wp-post-image wp-image-691\" title=\"Logo de Turisme Castielfabib\" alt=\"Logo de Turismo Castielfabib\">        <\/a>\n    \n        <\/div>\n    <!-- \/image-wrap -->\n    \n        <\/div>\n<!-- \/module image -->        <\/div>\n                    <div  data-lazy=\"1\" class=\"module_column tb-column col4-2 tb_i7kg685 last\">\n                    <!-- module menu -->\n<div  class=\"module module-menu tb_apv3685  mobile-menu-dropdown\" data-menu-style=\"mobile-menu-dropdown\" data-menu-breakpoint=\"1000\" data-menu-direction=\"right\" data-element-id=\"tb_apv3685\" data-lazy=\"1\">\n            <style>\n            @media(max-width:1000px){\n                .tb_apv3685 .menu-module-burger{\n                    display:inline-block\n                }\n                .tb_apv3685 .module-menu-container{\n                    display:none\n                }\n                .tb_apv3685 .module-menu-container.is-open{\n                    display:block\n                }\n            }\n        <\/style>\n        <a rel=\"nofollow\" href=\"#\" class=\"tf_hide menu-module-burger\">\n            <span class=\"menu-module-burger-inner tf_inline_b tf_rel\"><\/span>\n            <span class=\"screen-reader-text\">Menu<\/span>\n        <\/a>\n        \n    <div class=\"module-menu-container tb_mega_menu\"><ul id=\"menu-menu-main\" class=\"ui tf_clearfix nav tf_rel tf_scrollbar fullwidth transparent\"><li  id=\"menu-item-216\" class=\"menu-item-page-47 menu-item menu-item-type-post_type menu-item-object-page menu-item-home menu-item-216\"><a  href=\"https:\/\/turismo.castielfabib.es\/en\/\">Inici<\/a> <\/li>\n<li  id=\"menu-item-1044\" class=\"menu-item-custom-1044 menu-item menu-item-type-custom menu-item-object-custom menu-item-has-children has-sub-menu menu-item-1044\" aria-haspopup=\"true\"><a >Descobreix Castielfabib<span class=\"child-arrow\"><\/span><\/a> <ul class=\"sub-menu\"><li  id=\"menu-item-1674\" class=\"menu-item-page-1554 menu-item menu-item-type-post_type menu-item-object-page menu-item-1674 menu-page-1554-parent-1044\"><a  href=\"https:\/\/turismo.castielfabib.es\/en\/descubre-castielfabib\/historia\/\">Hist\u00f2ria<\/a> <\/li>\n<li  id=\"menu-item-1673\" class=\"menu-item-page-1557 menu-item menu-item-type-post_type menu-item-object-page menu-item-1673 menu-page-1557-parent-1044\"><a  href=\"https:\/\/turismo.castielfabib.es\/en\/descubre-castielfabib\/cultura\/\">Cultura<\/a> <\/li>\n<li  id=\"menu-item-1807\" class=\"menu-item-page-1742 menu-item menu-item-type-post_type menu-item-object-page menu-item-1807 menu-page-1742-parent-1044\"><a  href=\"https:\/\/turismo.castielfabib.es\/en\/descubre-castielfabib\/naturaleza\/\">Natura<\/a> <\/li>\n<\/ul><\/li>\n<li  id=\"menu-item-1912\" class=\"menu-item-page-1905 menu-item menu-item-type-post_type menu-item-object-page menu-item-1912\"><a  href=\"https:\/\/turismo.castielfabib.es\/en\/turismo-activo\/\">Turisme actiu<\/a> <\/li>\n<li  id=\"menu-item-1043\" class=\"menu-item-custom-1043 menu-item menu-item-type-custom menu-item-object-custom menu-item-has-children has-sub-menu menu-item-1043\" aria-haspopup=\"true\"><a >Planifica el teu viatge<span class=\"child-arrow\"><\/span><\/a> <ul class=\"sub-menu\"><li  id=\"menu-item-250\" class=\"menu-item-page-231 menu-item menu-item-type-post_type menu-item-object-page menu-item-250 menu-page-231-parent-1043\"><a  href=\"https:\/\/turismo.castielfabib.es\/en\/planifica-tu-viaje\/donde-dormir\/\">On dormir<\/a> <\/li>\n<li  id=\"menu-item-249\" class=\"menu-item-page-22 menu-item menu-item-type-post_type menu-item-object-page menu-item-249 menu-page-22-parent-1043\"><a  href=\"https:\/\/turismo.castielfabib.es\/en\/planifica-tu-viaje\/donde-comer\/\">On menjar<\/a> <\/li>\n<li  id=\"menu-item-251\" class=\"menu-item-page-227 menu-item menu-item-type-post_type menu-item-object-page menu-item-251 menu-page-227-parent-1043\"><a  href=\"https:\/\/turismo.castielfabib.es\/en\/planifica-tu-viaje\/como-llegar\/\">Com arribar<\/a> <\/li>\n<li  id=\"menu-item-1869\" class=\"menu-item-page-1836 menu-item menu-item-type-post_type menu-item-object-page menu-item-1869 menu-page-1836-parent-1043\"><a  href=\"https:\/\/turismo.castielfabib.es\/en\/planifica-tu-viaje\/comercios\/\">Comer\u00e7os<\/a> <\/li>\n<\/ul><\/li>\n<li  id=\"menu-item-1054\" class=\"menu-item-page-1052 menu-item menu-item-type-post_type menu-item-object-page menu-item-1054\"><a  href=\"https:\/\/turismo.castielfabib.es\/en\/eventos\/\">Esdeveniments<\/a> <\/li>\n<li  id=\"menu-item-255\" class=\"menu-item-page-51 menu-item menu-item-type-post_type menu-item-object-page menu-item-has-children has-sub-menu menu-item-255\" aria-haspopup=\"true\"><a  href=\"https:\/\/turismo.castielfabib.es\/en\/contacto\/\">Contacte<span class=\"child-arrow\"><\/span><\/a> <ul class=\"sub-menu\"><li  id=\"menu-item-654\" class=\"menu-item-page-613 menu-item menu-item-type-post_type menu-item-object-page menu-item-654 menu-page-613-parent-255\"><a  href=\"https:\/\/turismo.castielfabib.es\/en\/contacto\/oficina-de-turismo\/\">Oficina de turisme<\/a> <\/li>\n<li  id=\"menu-item-2974\" class=\"menu-item-custom-2974 menu-item menu-item-type-custom menu-item-object-custom menu-item-2974 menu-custom-2974-parent-255\"><a  target=\"_blank\" rel=\"noopener\" href=\"https:\/\/docs.google.com\/forms\/d\/e\/1FAIpQLSdZK1vOdT4DwJMTSl-O-DlX8nd399aizV5J4Q-qzc6-Zpl4yA\/viewform\">Enquesta de satisfacci\u00f3<\/a> <\/li>\n<li  id=\"menu-item-2973\" class=\"menu-item-page-2962 menu-item menu-item-type-post_type menu-item-object-page menu-item-2973 menu-page-2962-parent-255\"><a  href=\"https:\/\/turismo.castielfabib.es\/en\/contacto\/buzon-de-quejas-y-sugerencias\/\">B\u00fastia de queixes i suggeriments<\/a> <\/li>\n<\/ul><\/li>\n<\/ul><\/div><\/div>\n<!-- \/module menu -->\n        <\/div>\n                        <\/div>\n        <\/div>\n            <\/div>\n<!--\/themify_builder_content--><\/div>\n<\/div>\n<!-- \/module template_part -->        <\/div>\n                        <\/div>\n        <\/div>\n                        <div  data-css_id=\"zpnz971\" data-lazy=\"1\" class=\"module_row themify_builder_row fullwidth_row_container tb_zpnz971 tf_w\">\n            <span class=\"builder_row_cover tf_abs\"><\/span>            <div class=\"row_inner col_align_top tb_col_count_1 tf_box tf_rel\">\n                        <div  data-lazy=\"1\" class=\"module_column tb-column col-full tb_da4q971 first\">\n                    <!-- module text -->\n<div  class=\"module module-text tb_nz0j971\" data-lazy=\"1\">\n        <div  class=\"tb_text_wrap\">\n        <h1 style=\"text-align: center;\"><strong>POL\u00cdTICA DE PRIVACITAT<\/strong><\/h1>    <\/div>\n<\/div>\n<!-- \/module text -->        <\/div>\n                        <\/div>\n        <\/div>\n                        <div  data-lazy=\"1\" class=\"module_row themify_builder_row tb_gugh477 tf_w\">\n                        <div class=\"row_inner col_align_top tb_col_count_1 tf_box tf_rel\">\n                        <div  data-lazy=\"1\" class=\"module_column tb-column col-full tb_i2u9477 first\">\n                    <!-- module text -->\n<div  class=\"module module-text tb_ksp5477\" data-lazy=\"1\">\n        <div  class=\"tb_text_wrap\">\n        <p data-start=\"228\" data-end=\"516\">En compliment del Reglament (UE) 2016\/679 del Parlament Europeu i del Consell (RGPD), de la Llei Org\u00e0nica 3\/2018 de Protecci\u00f3 de Dades Personals i garantia dels drets digitals (LOPDGDD) i la resta de normativa aplicable, s&#039;informa els usuaris d&#039;aquest lloc web del seg\u00fcent:<\/p>\n<h3 data-start=\"518\" data-end=\"551\">Responsable del tractament<\/h3>\n<p data-start=\"552\" data-end=\"812\">El responsable del tractament de les dades personals recollides en aquest lloc web \u00e9s el <strong data-start=\"641\" data-end=\"673\">Ajuntament de Castielfabib<\/strong>, amb domicili a Pla\u00e7a de la Vila, 1, 46141 Castielfabib, Val\u00e8ncia, tel\u00e8fon 978 783 100 i correu electr\u00f2nic <a class=\"decorated-link cursor-pointer\" rel=\"noopener\" data-start=\"786\" data-end=\"809\">turismo@castielfabib.es<\/a>.<\/p>\n<h3 data-start=\"814\" data-end=\"845\">Finalitat del tractament<\/h3>\n<p data-start=\"846\" data-end=\"1028\">Les dades personals facilitades a trav\u00e9s del formulari de contacte s&#039;utilitzaran exclusivament per atendre les consultes, les peticions o les comunicacions realitzades per l&#039;usuari.<\/p>\n<h3 data-start=\"1030\" data-end=\"1048\">Legitimaci\u00f3<\/h3>\n<p data-start=\"1049\" data-end=\"1188\">La base jur\u00eddica que legitima el tractament de les dades \u00e9s el <strong data-start=\"1113\" data-end=\"1139\">consentiment expr\u00e9s<\/strong> que presta l&#039;usuari en enviar el formulari.<\/p>\n<h3 data-start=\"1190\" data-end=\"1209\">Destinataris<\/h3>\n<p data-start=\"1210\" data-end=\"1342\">Les dades seran tractades \u00fanicament per l&#039;Ajuntament de Castielfabib i <strong data-start=\"1284\" data-end=\"1315\">no seran cedits a tercers<\/strong>, excepte obligaci\u00f3 legal.<\/p>\n<h3 data-start=\"1344\" data-end=\"1380\">Transfer\u00e8ncies internacionals<\/h3>\n<p data-start=\"1381\" data-end=\"1545\">No estan previstes transfer\u00e8ncies internacionals de dades. Les dades es gestionen a trav\u00e9s del formulari implementat amb <strong data-start=\"1505\" data-end=\"1525\">Formidable Forms<\/strong> a la pr\u00f2pia web.<\/p>\n<h3 data-start=\"1547\" data-end=\"1574\">Termini de conservaci\u00f3<\/h3>\n<p data-start=\"1575\" data-end=\"1786\">Les dades es conservaran \u00fanicament durant el temps necessari per atendre la consulta o petici\u00f3 realitzada i, posteriorment, es mantindran bloquejades fins a la prescripci\u00f3 de les responsabilitats legals.<\/p>\n<h3 data-start=\"1788\" data-end=\"1818\">Drets dels usuaris<\/h3>\n<p data-start=\"1819\" data-end=\"2256\">Els usuaris poden exercir en tot moment els seus drets d&#039;acc\u00e9s, rectificaci\u00f3, supressi\u00f3, oposici\u00f3, limitaci\u00f3 del tractament i portabilitat mitjan\u00e7ant un escrit dirigit a l&#039;Ajuntament de Castielfabib a l&#039;adre\u00e7a indicada o al correu electr\u00f2nic <a class=\"decorated-link cursor-pointer\" rel=\"noopener\" data-start=\"2073\" data-end=\"2096\">turismo@castielfabib.es<\/a>. Aix\u00ed mateix, poden presentar reclamaci\u00f3 davant de l&#039;Ag\u00e8ncia Espanyola de Protecci\u00f3 de Dades si consideren que el tractament no s&#039;ajusta a la normativa vigent.<\/p>    <\/div>\n<\/div>\n<!-- \/module text -->        <\/div>\n                        <\/div>\n        <\/div>\n        <\/div>\n<!--\/themify_builder_content-->","protected":false},"excerpt":{"rendered":"<p>POL\u00cdTICA DE PRIVACITAT<\/p>","protected":false},"author":1,"featured_media":0,"parent":0,"menu_order":0,"comment_status":"closed","ping_status":"closed","template":"","meta":{"footnotes":""},"class_list":["post-954","page","type-page","status-publish","hentry","has-post-title","has-post-date","has-post-category","has-post-tag","has-post-comment","has-post-author",""],"builder_content":"<h1 style=\"text-align: center;\"><strong>POL\u00cdTICA DE PRIVACIDAD<\/strong><\/h1>\n<p data-start=\"228\" data-end=\"516\">En cumplimiento del Reglamento (UE) 2016\/679 del Parlamento Europeo y del Consejo (RGPD), de la Ley Org\u00e1nica 3\/2018 de Protecci\u00f3n de Datos Personales y garant\u00eda de los derechos digitales (LOPDGDD) y dem\u00e1s normativa aplicable, se informa a los usuarios de este sitio web de lo siguiente:<\/p> <h3 data-start=\"518\" data-end=\"551\">Responsable del tratamiento<\/h3> <p data-start=\"552\" data-end=\"812\">El responsable del tratamiento de los datos personales recabados en este sitio web es el <strong data-start=\"641\" data-end=\"673\">Ayuntamiento de Castielfabib<\/strong>, con domicilio en Plaza de la Villa, 1, 46141 Castielfabib, Valencia, tel\u00e9fono 978 783 100 y correo electr\u00f3nico <a rel=\"noopener\" data-start=\"786\" data-end=\"809\">turismo@castielfabib.es<\/a>.<\/p> <h3 data-start=\"814\" data-end=\"845\">Finalidad del tratamiento<\/h3> <p data-start=\"846\" data-end=\"1028\">Los datos personales facilitados a trav\u00e9s del formulario de contacto se utilizar\u00e1n exclusivamente para atender las consultas, peticiones o comunicaciones realizadas por el usuario.<\/p> <h3 data-start=\"1030\" data-end=\"1048\">Legitimaci\u00f3n<\/h3> <p data-start=\"1049\" data-end=\"1188\">La base jur\u00eddica que legitima el tratamiento de los datos es el <strong data-start=\"1113\" data-end=\"1139\">consentimiento expreso<\/strong> que presta el usuario al enviar el formulario.<\/p> <h3 data-start=\"1190\" data-end=\"1209\">Destinatarios<\/h3> <p data-start=\"1210\" data-end=\"1342\">Los datos ser\u00e1n tratados \u00fanicamente por el Ayuntamiento de Castielfabib y <strong data-start=\"1284\" data-end=\"1315\">no ser\u00e1n cedidos a terceros<\/strong>, salvo obligaci\u00f3n legal.<\/p> <h3 data-start=\"1344\" data-end=\"1380\">Transferencias internacionales<\/h3> <p data-start=\"1381\" data-end=\"1545\">No est\u00e1n previstas transferencias internacionales de datos. Los datos se gestionan a trav\u00e9s del formulario implementado con <strong data-start=\"1505\" data-end=\"1525\">Formidable Forms<\/strong> en la propia web.<\/p> <h3 data-start=\"1547\" data-end=\"1574\">Plazo de conservaci\u00f3n<\/h3> <p data-start=\"1575\" data-end=\"1786\">Los datos se conservar\u00e1n \u00fanicamente durante el tiempo necesario para atender la consulta o petici\u00f3n realizada y, posteriormente, se mantendr\u00e1n bloqueados hasta la prescripci\u00f3n de las responsabilidades legales.<\/p> <h3 data-start=\"1788\" data-end=\"1818\">Derechos de los usuarios<\/h3> <p data-start=\"1819\" data-end=\"2256\">Los usuarios pueden ejercer en todo momento sus derechos de acceso, rectificaci\u00f3n, supresi\u00f3n, oposici\u00f3n, limitaci\u00f3n del tratamiento y portabilidad mediante escrito dirigido al Ayuntamiento de Castielfabib en la direcci\u00f3n indicada o al correo electr\u00f3nico <a rel=\"noopener\" data-start=\"2073\" data-end=\"2096\">turismo@castielfabib.es<\/a>. Asimismo, podr\u00e1n presentar reclamaci\u00f3n ante la Agencia Espa\u00f1ola de Protecci\u00f3n de Datos si consideran que el tratamiento no se ajusta a la normativa vigente.<\/p>","_links":{"self":[{"href":"https:\/\/turismo.castielfabib.es\/va\/wp-json\/wp\/v2\/pages\/954","targetHints":{"allow":["GET"]}}],"collection":[{"href":"https:\/\/turismo.castielfabib.es\/va\/wp-json\/wp\/v2\/pages"}],"about":[{"href":"https:\/\/turismo.castielfabib.es\/va\/wp-json\/wp\/v2\/types\/page"}],"author":[{"embeddable":true,"href":"https:\/\/turismo.castielfabib.es\/va\/wp-json\/wp\/v2\/users\/1"}],"replies":[{"embeddable":true,"href":"https:\/\/turismo.castielfabib.es\/va\/wp-json\/wp\/v2\/comments?post=954"}],"version-history":[{"count":7,"href":"https:\/\/turismo.castielfabib.es\/va\/wp-json\/wp\/v2\/pages\/954\/revisions"}],"predecessor-version":[{"id":2876,"href":"https:\/\/turismo.castielfabib.es\/va\/wp-json\/wp\/v2\/pages\/954\/revisions\/2876"}],"wp:attachment":[{"href":"https:\/\/turismo.castielfabib.es\/va\/wp-json\/wp\/v2\/media?parent=954"}],"curies":[{"name":"wp","href":"https:\/\/api.w.org\/{rel}","templated":true}]}}