{"id":962,"date":"2025-09-24T01:45:36","date_gmt":"2025-09-23T23:45:36","guid":{"rendered":"https:\/\/turismo.accesia.info\/?page_id=962"},"modified":"2025-10-13T17:57:30","modified_gmt":"2025-10-13T15:57:30","slug":"politica-de-cookies","status":"publish","type":"page","link":"https:\/\/turismo.castielfabib.es\/va\/politica-de-cookies\/","title":{"rendered":"Pol\u00edtica de cookies"},"content":{"rendered":"<!--themify_builder_content-->\n<div id=\"themify_builder_content-962\" data-postid=\"962\" class=\"themify_builder_content themify_builder_content-962 themify_builder tf_clear\">\n                    <div  data-css_id=\"70dg325\" data-lazy=\"1\" class=\"module_row themify_builder_row fullwidth_row_container tb_70dg325 tb_first tf_w\">\n                        <div class=\"row_inner col_align_top tb_col_count_1 tf_box tf_rel\">\n                        <div  data-lazy=\"1\" class=\"module_column tb-column col-full tb_etx8326 first\">\n                    <!-- module template_part -->\n<div  class=\"module module-layout-part tb_gdw3502\">\n    <div class=\"tb_layout_part_wrap tf_w\"><!--themify_builder_content-->\n    <div  class=\"themify_builder_content themify_builder_content-703 themify_builder not_editable_builder in_the_loop\" data-postid=\"703\">\n                        <div  data-css_id=\"satc841\" data-lazy=\"1\" class=\"module_row themify_builder_row topheader fullwidth_row_container tb_satc841 tf_w\">\n                        <div class=\"row_inner col_align_top gutter-none tb_col_count_4 tf_box tf_rel\">\n                        <div  data-lazy=\"1\" class=\"module_column tb-column col4-1 tb_54s2841 first\">\n                    <!-- module icon -->\n<div  class=\"module module-icon tb_hyq4363   rounded icon_vertical\" data-lazy=\"1\" id=\"telefono-top-header-2\">\n            <div class=\"module-icon-item\">\n                            <a href=\"tel:978783100\" rel=\"noopener\" target=\"_blank\">\n                                                                    <em class=\"tf_box\" style=\"color:#ffffff\"><svg  class=\"tf_fa tf-fas-phone\" aria-hidden=\"true\"><use href=\"#tf-fas-phone\"><\/use><\/svg><\/em>\n                                                                            <span>978 783 100<\/span>\n                                                                    <\/a>\n                    <\/div>\n    <\/div>\n<!-- \/module icon -->\n        <\/div>\n                    <div  data-lazy=\"1\" class=\"module_column tb-column col4-1 tb_7isx97\">\n                    <!-- module icon -->\n<div  class=\"module module-icon tb_plsq259   rounded icon_vertical\" data-lazy=\"1\" id=\"telefono-top-header-2-2\">\n            <div class=\"module-icon-item\">\n                            <a href=\"tel:622485632\" rel=\"noopener\" target=\"_blank\">\n                                                                    <em class=\"tf_box\" style=\"color:#ffffff\"><svg  class=\"tf_fa tf-fas-mobile-alt\" aria-hidden=\"true\"><use href=\"#tf-fas-mobile-alt\"><\/use><\/svg><\/em>\n                                                                            <span>622485632<\/span>\n                                                                    <\/a>\n                    <\/div>\n    <\/div>\n<!-- \/module icon -->\n        <\/div>\n                    <div  data-lazy=\"1\" class=\"module_column tb-column col4-1 tb_56ay841\">\n                    <!-- module icon -->\n<div  class=\"module module-icon tb_mddl841   rounded icon_vertical\" data-lazy=\"1\" id=\"mail-top-header\">\n            <div class=\"module-icon-item\">\n                            <a href=\"mailto:turismo@castielfabib.es\" rel=\"noopener\" target=\"_blank\">\n                                                                    <em class=\"tf_box\" style=\"color:#ffffff\"><svg  class=\"tf_fa tf-fas-envelope\" aria-hidden=\"true\"><use href=\"#tf-fas-envelope\"><\/use><\/svg><\/em>\n                                                                            <span>turismo@castielfabib.es<\/span>\n                                                                    <\/a>\n                    <\/div>\n    <\/div>\n<!-- \/module icon -->\n        <\/div>\n                    <div  data-lazy=\"1\" class=\"module_column tb-column col4-1 tb_z1si841 last\">\n                    <!-- module widget -->\n<div  class=\"module module-widget tb_by6236  repeat\" data-lazy=\"1\">\n    <div class=\"widget themify-social-links\"><ul class=\"social-links horizontal\">\n                        <li class=\"social-link-item facebook font-icon icon-medium\">\n                            <a href=\"https:\/\/www.facebook.com\/touristinforinconademuz\" aria-label=\"facebook\" target=\"_blank\" rel=\"noopener\"><em style=\"color:#ffffff;\"><svg  aria-label=\"Facebook\" class=\"tf_fa tf-fab-facebook\" role=\"img\"><use href=\"#tf-fab-facebook\"><\/use><\/svg><\/em>  <\/a>\n                        <\/li>\n                        <!-- \/themify-link-item -->\n                        <li class=\"social-link-item instagram font-icon icon-medium\">\n                            <a href=\"https:\/\/www.instagram.com\/ayucastielfabib\" aria-label=\"instagram\" target=\"_blank\" rel=\"noopener\"><em style=\"color:#ffffff;\"><svg  aria-label=\"Instagram\" class=\"tf_fa tf-fab-instagram\" role=\"img\"><use href=\"#tf-fab-instagram\"><\/use><\/svg><\/em>  <\/a>\n                        <\/li>\n                        <!-- \/themify-link-item -->\n                        <li class=\"social-link-item youtube font-icon icon-medium\">\n                            <a href=\"https:\/\/www.youtube.com\/channel\/UC0d50fFIZwUejFZ2_kpwggQ\" aria-label=\"youtube\" target=\"_blank\" rel=\"noopener\"><em style=\"color:#ffffff;\"><svg  aria-label=\"Youtube\" class=\"tf_fa tf-fab-youtube\" role=\"img\"><use href=\"#tf-fab-youtube\"><\/use><\/svg><\/em>  <\/a>\n                        <\/li>\n                        <!-- \/themify-link-item -->\n                        <li class=\"social-link-item wikiloc font-icon icon-medium\">\n                            <a href=\"https:\/\/es.wikiloc.com\/wikiloc\/user.do?id=9057456\" aria-label=\"wikiloc\" target=\"_blank\" rel=\"noopener\"><em style=\"color:rgba(255, 255, 255, 1);\"><svg  aria-label=\"Wikiloc\" class=\"tf_fa tf-fontello-wikilocwhite icon-fontello-wikilocwhite\" role=\"img\"><use href=\"#tf-fontello-wikilocwhite\"><\/use><\/svg><\/em>  <\/a>\n                        <\/li>\n                        <!-- \/themify-link-item --><\/ul><\/div><\/div>\n<!-- \/module widget -->\n        <\/div>\n                        <\/div>\n        <\/div>\n            <\/div>\n<!--\/themify_builder_content--><\/div>\n<\/div>\n<!-- \/module template_part --><!-- module template_part -->\n<div  class=\"module module-layout-part tb_hqxs613\">\n    <div class=\"tb_layout_part_wrap tf_w\"><!--themify_builder_content-->\n    <div  class=\"themify_builder_content themify_builder_content-706 themify_builder not_editable_builder in_the_loop\" data-postid=\"706\">\n                        <div  data-css_id=\"uo9n685\" data-lazy=\"1\" class=\"module_row themify_builder_row fullwidth_row_container tb_uo9n685 tf_w\">\n                        <div class=\"row_inner col_align_middle tb_col_count_2 tf_box tf_rel\">\n                        <div  data-lazy=\"1\" class=\"module_column tb-column col4-2 tb_be0z685 first\">\n                    <!-- module image -->\n<div  class=\"module module-image tb_57b3685 image-top   auto_fullwidth tf_mw\" data-lazy=\"1\">\n        <div class=\"image-wrap tf_rel tf_mw\">\n            <a href=\"https:\/\/turismo.castielfabib.es\/va\/\">\n                   <img loading=\"lazy\" decoding=\"async\" src=\"https:\/\/turismo.castielfabib.es\/wp-content\/uploads\/2025\/09\/TURISMO-CASTIEL.svg\" width=\"127\" height=\"40\" class=\"wp-post-image wp-image-691\" title=\"Logo de Turisme Castielfabib\" alt=\"Logo de Turismo Castielfabib\">        <\/a>\n    \n        <\/div>\n    <!-- \/image-wrap -->\n    \n        <\/div>\n<!-- \/module image -->        <\/div>\n                    <div  data-lazy=\"1\" class=\"module_column tb-column col4-2 tb_i7kg685 last\">\n                    <!-- module menu -->\n<div  class=\"module module-menu tb_apv3685  mobile-menu-dropdown\" data-menu-style=\"mobile-menu-dropdown\" data-menu-breakpoint=\"1000\" data-menu-direction=\"right\" data-element-id=\"tb_apv3685\" data-lazy=\"1\">\n            <style>\n            @media(max-width:1000px){\n                .tb_apv3685 .menu-module-burger{\n                    display:inline-block\n                }\n                .tb_apv3685 .module-menu-container{\n                    display:none\n                }\n                .tb_apv3685 .module-menu-container.is-open{\n                    display:block\n                }\n            }\n        <\/style>\n        <a rel=\"nofollow\" href=\"#\" class=\"tf_hide menu-module-burger\">\n            <span class=\"menu-module-burger-inner tf_inline_b tf_rel\"><\/span>\n            <span class=\"screen-reader-text\">Menu<\/span>\n        <\/a>\n        \n    <div class=\"module-menu-container tb_mega_menu\"><ul id=\"menu-menu-main\" class=\"ui tf_clearfix nav tf_rel tf_scrollbar fullwidth transparent\"><li  id=\"menu-item-216\" class=\"menu-item-page-47 menu-item menu-item-type-post_type menu-item-object-page menu-item-home menu-item-216\"><a  href=\"https:\/\/turismo.castielfabib.es\/en\/\">Inici<\/a> <\/li>\n<li  id=\"menu-item-1044\" class=\"menu-item-custom-1044 menu-item menu-item-type-custom menu-item-object-custom menu-item-has-children has-sub-menu menu-item-1044\" aria-haspopup=\"true\"><a >Descobreix Castielfabib<span class=\"child-arrow\"><\/span><\/a> <ul class=\"sub-menu\"><li  id=\"menu-item-1674\" class=\"menu-item-page-1554 menu-item menu-item-type-post_type menu-item-object-page menu-item-1674 menu-page-1554-parent-1044\"><a  href=\"https:\/\/turismo.castielfabib.es\/en\/descubre-castielfabib\/historia\/\">Hist\u00f2ria<\/a> <\/li>\n<li  id=\"menu-item-1673\" class=\"menu-item-page-1557 menu-item menu-item-type-post_type menu-item-object-page menu-item-1673 menu-page-1557-parent-1044\"><a  href=\"https:\/\/turismo.castielfabib.es\/en\/descubre-castielfabib\/cultura\/\">Cultura<\/a> <\/li>\n<li  id=\"menu-item-1807\" class=\"menu-item-page-1742 menu-item menu-item-type-post_type menu-item-object-page menu-item-1807 menu-page-1742-parent-1044\"><a  href=\"https:\/\/turismo.castielfabib.es\/en\/descubre-castielfabib\/naturaleza\/\">Natura<\/a> <\/li>\n<\/ul><\/li>\n<li  id=\"menu-item-1912\" class=\"menu-item-page-1905 menu-item menu-item-type-post_type menu-item-object-page menu-item-1912\"><a  href=\"https:\/\/turismo.castielfabib.es\/en\/turismo-activo\/\">Turisme actiu<\/a> <\/li>\n<li  id=\"menu-item-1043\" class=\"menu-item-custom-1043 menu-item menu-item-type-custom menu-item-object-custom menu-item-has-children has-sub-menu menu-item-1043\" aria-haspopup=\"true\"><a >Planifica el teu viatge<span class=\"child-arrow\"><\/span><\/a> <ul class=\"sub-menu\"><li  id=\"menu-item-250\" class=\"menu-item-page-231 menu-item menu-item-type-post_type menu-item-object-page menu-item-250 menu-page-231-parent-1043\"><a  href=\"https:\/\/turismo.castielfabib.es\/en\/planifica-tu-viaje\/donde-dormir\/\">On dormir<\/a> <\/li>\n<li  id=\"menu-item-249\" class=\"menu-item-page-22 menu-item menu-item-type-post_type menu-item-object-page menu-item-249 menu-page-22-parent-1043\"><a  href=\"https:\/\/turismo.castielfabib.es\/en\/planifica-tu-viaje\/donde-comer\/\">On menjar<\/a> <\/li>\n<li  id=\"menu-item-251\" class=\"menu-item-page-227 menu-item menu-item-type-post_type menu-item-object-page menu-item-251 menu-page-227-parent-1043\"><a  href=\"https:\/\/turismo.castielfabib.es\/en\/planifica-tu-viaje\/como-llegar\/\">Com arribar<\/a> <\/li>\n<li  id=\"menu-item-1869\" class=\"menu-item-page-1836 menu-item menu-item-type-post_type menu-item-object-page menu-item-1869 menu-page-1836-parent-1043\"><a  href=\"https:\/\/turismo.castielfabib.es\/en\/planifica-tu-viaje\/comercios\/\">Comer\u00e7os<\/a> <\/li>\n<\/ul><\/li>\n<li  id=\"menu-item-1054\" class=\"menu-item-page-1052 menu-item menu-item-type-post_type menu-item-object-page menu-item-1054\"><a  href=\"https:\/\/turismo.castielfabib.es\/en\/eventos\/\">Esdeveniments<\/a> <\/li>\n<li  id=\"menu-item-255\" class=\"menu-item-page-51 menu-item menu-item-type-post_type menu-item-object-page menu-item-has-children has-sub-menu menu-item-255\" aria-haspopup=\"true\"><a  href=\"https:\/\/turismo.castielfabib.es\/en\/contacto\/\">Contacte<span class=\"child-arrow\"><\/span><\/a> <ul class=\"sub-menu\"><li  id=\"menu-item-654\" class=\"menu-item-page-613 menu-item menu-item-type-post_type menu-item-object-page menu-item-654 menu-page-613-parent-255\"><a  href=\"https:\/\/turismo.castielfabib.es\/en\/contacto\/oficina-de-turismo\/\">Oficina de turisme<\/a> <\/li>\n<li  id=\"menu-item-2974\" class=\"menu-item-custom-2974 menu-item menu-item-type-custom menu-item-object-custom menu-item-2974 menu-custom-2974-parent-255\"><a  target=\"_blank\" rel=\"noopener\" href=\"https:\/\/docs.google.com\/forms\/d\/e\/1FAIpQLSdZK1vOdT4DwJMTSl-O-DlX8nd399aizV5J4Q-qzc6-Zpl4yA\/viewform\">Enquesta de satisfacci\u00f3<\/a> <\/li>\n<li  id=\"menu-item-2973\" class=\"menu-item-page-2962 menu-item menu-item-type-post_type menu-item-object-page menu-item-2973 menu-page-2962-parent-255\"><a  href=\"https:\/\/turismo.castielfabib.es\/en\/contacto\/buzon-de-quejas-y-sugerencias\/\">B\u00fastia de queixes i suggeriments<\/a> <\/li>\n<\/ul><\/li>\n<\/ul><\/div><\/div>\n<!-- \/module menu -->\n        <\/div>\n                        <\/div>\n        <\/div>\n            <\/div>\n<!--\/themify_builder_content--><\/div>\n<\/div>\n<!-- \/module template_part -->        <\/div>\n                        <\/div>\n        <\/div>\n                        <div  data-css_id=\"zpnz971\" data-lazy=\"1\" class=\"module_row themify_builder_row fullwidth_row_container tb_zpnz971 tf_w\">\n            <span class=\"builder_row_cover tf_abs\"><\/span>            <div class=\"row_inner col_align_top tb_col_count_1 tf_box tf_rel\">\n                        <div  data-lazy=\"1\" class=\"module_column tb-column col-full tb_da4q971 first\">\n                    <!-- module text -->\n<div  class=\"module module-text tb_nz0j971\" data-lazy=\"1\">\n        <div  class=\"tb_text_wrap\">\n        <h1 style=\"text-align: center;\"><strong>POL\u00cdTICA DE COOKIES<\/strong><\/h1>    <\/div>\n<\/div>\n<!-- \/module text -->        <\/div>\n                        <\/div>\n        <\/div>\n                        <div  data-lazy=\"1\" class=\"module_row themify_builder_row tb_gugh477 tf_w\">\n                        <div class=\"row_inner col_align_top tb_col_count_1 tf_box tf_rel\">\n                        <div  data-lazy=\"1\" class=\"module_column tb-column col-full tb_i2u9477 first\">\n                    <!-- module text -->\n<div  class=\"module module-text tb_ksp5477\" data-lazy=\"1\">\n        <div  class=\"tb_text_wrap\">\n        <p data-start=\"2287\" data-end=\"2462\">Aquest lloc web utilitza galetes amb la finalitat de millorar l&#039;experi\u00e8ncia de navegaci\u00f3 de l&#039;usuari, elaborar estad\u00edstiques d&#039;\u00fas i mostrar continguts encastats de tercers.<\/p>\n<h3 data-start=\"2464\" data-end=\"2491\">Qu\u00e8 s\u00f3n les galetes?<\/h3>\n<p data-start=\"2492\" data-end=\"2704\">Les galetes s\u00f3n petits fitxers de text que s&#039;emmagatzemen al dispositiu de l&#039;usuari quan visiteu un lloc web. Serveixen per recon\u00e8ixer l&#039;usuari en futures visites i facilitar la interacci\u00f3 amb el lloc.<\/p>\n<h3 data-start=\"2706\" data-end=\"2739\">Tipus de cookies utilitzades<\/h3>\n<ul data-start=\"2740\" data-end=\"3231\">\n<li data-start=\"2740\" data-end=\"2895\">\n<p data-start=\"2742\" data-end=\"2895\"><strong data-start=\"2742\" data-end=\"2762\">Galetes t\u00e8cniques<\/strong>: necess\u00e0ries per al funcionament correcte del web, la navegaci\u00f3 i l&#039;\u00fas de les funcionalitats. No requereixen consentiment.<\/p>\n<\/li>\n<li data-start=\"2896\" data-end=\"3092\">\n<p data-start=\"2898\" data-end=\"3092\"><strong data-start=\"2898\" data-end=\"2920\">Galetes anal\u00edtiques<\/strong>: utilitzades per obtenir estad\u00edstiques d&#039;\u00fas mitjan\u00e7ant l&#039;eina <strong data-start=\"2990\" data-end=\"3007\">WP Statistics<\/strong>. S&#039;utilitzen de manera agregada i an\u00f2nima, sense identificar personalment l&#039;usuari.<\/p>\n<\/li>\n<li data-start=\"3093\" data-end=\"3231\">\n<p data-start=\"3095\" data-end=\"3231\"><strong data-start=\"3095\" data-end=\"3118\">Galetes de tercers<\/strong>: aquest lloc integra mapes de <strong data-start=\"3148\" data-end=\"3163\">Google Maps<\/strong>, que poden instal\u00b7lar galetes gestionades directament per Google.<\/p>\n<\/li>\n<\/ul>\n<h3 data-start=\"3233\" data-end=\"3265\">Gesti\u00f3 del consentiment<\/h3>\n<p data-start=\"3266\" data-end=\"3506\">En accedir al lloc web, l&#039;usuari pot acceptar o rebutjar l&#039;\u00fas de galetes no essencials a trav\u00e9s del banner de gesti\u00f3 habilitat. En qualsevol moment podeu modificar la vostra configuraci\u00f3 o revocar el consentiment des de la pr\u00f2pia web.<\/p>\n<h3 data-start=\"3508\" data-end=\"3560\">Com desactivar les galetes des del navegador<\/h3>\n<p data-start=\"3561\" data-end=\"3761\">L&#039;usuari pot permetre, bloquejar o eliminar les cookies instal\u00b7lades al vostre equip mitjan\u00e7ant la configuraci\u00f3 del vostre navegador. A continuaci\u00f3 s&#039;indiquen els enlla\u00e7os dels navegadors m\u00e9s habituals:<\/p>\n<ul data-start=\"3762\" data-end=\"4110\">\n<li data-start=\"3762\" data-end=\"3835\">\n<p data-start=\"3764\" data-end=\"3835\"><a class=\"decorated-link cursor-pointer\" href=\"https:\/\/support.google.com\/chrome\/answer\/95647?hl=es\" target=\"_blank\" rel=\"noopener\" data-start=\"3764\" data-end=\"3833\">Google Chrome<\/a><\/p>\n<\/li>\n<li data-start=\"3836\" data-end=\"3936\">\n<p data-start=\"3838\" data-end=\"3936\"><a class=\"decorated-link cursor-pointer\" href=\"https:\/\/support.mozilla.org\/es\/kb\/habilitar-y-deshabilitar-cookies-sitios-web\" target=\"_blank\" rel=\"noopener\" data-start=\"3838\" data-end=\"3934\">Mozilla Firefox<\/a><\/p>\n<\/li>\n<li data-start=\"3937\" data-end=\"4037\">\n<p data-start=\"3939\" data-end=\"4037\"><a class=\"decorated-link cursor-pointer\" href=\"https:\/\/support.microsoft.com\/es-es\/help\/4027947\/microsoft-edge-delete-cookies\" target=\"_blank\" rel=\"noopener\" data-start=\"3939\" data-end=\"4035\">Microsoft Edge<\/a><\/p>\n<\/li>\n<li data-start=\"4038\" data-end=\"4110\">\n<p data-start=\"4040\" data-end=\"4110\"><a class=\"decorated-link cursor-pointer\" href=\"https:\/\/support.apple.com\/es-es\/guide\/safari\/sfri11471\/mac\" target=\"_blank\" rel=\"noopener\" data-start=\"4040\" data-end=\"4108\">Safari<\/a><\/p>\n<\/li>\n<\/ul>\n<h3 data-start=\"4112\" data-end=\"4157\">Actualitzaci\u00f3 de la pol\u00edtica de cookies<\/h3>\n<p data-start=\"4158\" data-end=\"4353\">Aquesta pol\u00edtica de cookies pot ser actualitzada en funci\u00f3 de canvis legislatius o de la configuraci\u00f3 dels serveis utilitzats a la web. Es recomana revisar-la peri\u00f2dicament a l&#039;usuari.<\/p>    <\/div>\n<\/div>\n<!-- \/module text -->        <\/div>\n                        <\/div>\n        <\/div>\n        <\/div>\n<!--\/themify_builder_content-->","protected":false},"excerpt":{"rendered":"<p>POL\u00cdTICA DE COOKIES<\/p>","protected":false},"author":1,"featured_media":0,"parent":0,"menu_order":0,"comment_status":"closed","ping_status":"closed","template":"","meta":{"footnotes":""},"class_list":["post-962","page","type-page","status-publish","hentry","has-post-title","has-post-date","has-post-category","has-post-tag","has-post-comment","has-post-author",""],"builder_content":"<h1 style=\"text-align: center;\"><strong>POL\u00cdTICA DE COOKIES<\/strong><\/h1>\n<p data-start=\"2287\" data-end=\"2462\">Este sitio web utiliza cookies con la finalidad de mejorar la experiencia de navegaci\u00f3n del usuario, elaborar estad\u00edsticas de uso y mostrar contenidos embebidos de terceros.<\/p> <h3 data-start=\"2464\" data-end=\"2491\">\u00bfQu\u00e9 son las cookies?<\/h3> <p data-start=\"2492\" data-end=\"2704\">Las cookies son peque\u00f1os archivos de texto que se almacenan en el dispositivo del usuario cuando visita un sitio web. Sirven para reconocer al usuario en futuras visitas y facilitar la interacci\u00f3n con el sitio.<\/p> <h3 data-start=\"2706\" data-end=\"2739\">Tipos de cookies utilizadas<\/h3> <ul data-start=\"2740\" data-end=\"3231\"> <li data-start=\"2740\" data-end=\"2895\"> <p data-start=\"2742\" data-end=\"2895\"><strong data-start=\"2742\" data-end=\"2762\">Cookies t\u00e9cnicas<\/strong>: necesarias para el correcto funcionamiento de la web, la navegaci\u00f3n y el uso de las funcionalidades. No requieren consentimiento.<\/p> <\/li> <li data-start=\"2896\" data-end=\"3092\"> <p data-start=\"2898\" data-end=\"3092\"><strong data-start=\"2898\" data-end=\"2920\">Cookies anal\u00edticas<\/strong>: utilizadas para obtener estad\u00edsticas de uso mediante la herramienta <strong data-start=\"2990\" data-end=\"3007\">WP Statistics<\/strong>. Se emplean de forma agregada y an\u00f3nima, sin identificar personalmente al usuario.<\/p> <\/li> <li data-start=\"3093\" data-end=\"3231\"> <p data-start=\"3095\" data-end=\"3231\"><strong data-start=\"3095\" data-end=\"3118\">Cookies de terceros<\/strong>: este sitio integra mapas de <strong data-start=\"3148\" data-end=\"3163\">Google Maps<\/strong>, que pueden instalar cookies gestionadas directamente por Google.<\/p> <\/li> <\/ul> <h3 data-start=\"3233\" data-end=\"3265\">Gesti\u00f3n del consentimiento<\/h3> <p data-start=\"3266\" data-end=\"3506\">Al acceder al sitio web, el usuario puede aceptar o rechazar el uso de cookies no esenciales a trav\u00e9s del banner de gesti\u00f3n habilitado. En cualquier momento puede modificar su configuraci\u00f3n o revocar el consentimiento desde la propia web.<\/p> <h3 data-start=\"3508\" data-end=\"3560\">C\u00f3mo desactivar las cookies desde el navegador<\/h3> <p data-start=\"3561\" data-end=\"3761\">El usuario puede permitir, bloquear o eliminar las cookies instaladas en su equipo mediante la configuraci\u00f3n de su navegador. A continuaci\u00f3n se indican los enlaces de los navegadores m\u00e1s habituales:<\/p> <ul data-start=\"3762\" data-end=\"4110\"> <li data-start=\"3762\" data-end=\"3835\"> <p data-start=\"3764\" data-end=\"3835\"><a href=\"https:\/\/support.google.com\/chrome\/answer\/95647?hl=es\" target=\"_blank\" rel=\"noopener\" data-start=\"3764\" data-end=\"3833\">Google Chrome<\/a><\/p> <\/li> <li data-start=\"3836\" data-end=\"3936\"> <p data-start=\"3838\" data-end=\"3936\"><a href=\"https:\/\/support.mozilla.org\/es\/kb\/habilitar-y-deshabilitar-cookies-sitios-web\" target=\"_blank\" rel=\"noopener\" data-start=\"3838\" data-end=\"3934\">Mozilla Firefox<\/a><\/p> <\/li> <li data-start=\"3937\" data-end=\"4037\"> <p data-start=\"3939\" data-end=\"4037\"><a href=\"https:\/\/support.microsoft.com\/es-es\/help\/4027947\/microsoft-edge-delete-cookies\" target=\"_blank\" rel=\"noopener\" data-start=\"3939\" data-end=\"4035\">Microsoft Edge<\/a><\/p> <\/li> <li data-start=\"4038\" data-end=\"4110\"> <p data-start=\"4040\" data-end=\"4110\"><a href=\"https:\/\/support.apple.com\/es-es\/guide\/safari\/sfri11471\/mac\" target=\"_blank\" rel=\"noopener\" data-start=\"4040\" data-end=\"4108\">Safari<\/a><\/p> <\/li> <\/ul> <h3 data-start=\"4112\" data-end=\"4157\">Actualizaci\u00f3n de la pol\u00edtica de cookies<\/h3> <p data-start=\"4158\" data-end=\"4353\">Esta pol\u00edtica de cookies puede ser actualizada en funci\u00f3n de cambios legislativos o de la configuraci\u00f3n de los servicios utilizados en la web. Se recomienda al usuario revisarla peri\u00f3dicamente.<\/p>","_links":{"self":[{"href":"https:\/\/turismo.castielfabib.es\/va\/wp-json\/wp\/v2\/pages\/962","targetHints":{"allow":["GET"]}}],"collection":[{"href":"https:\/\/turismo.castielfabib.es\/va\/wp-json\/wp\/v2\/pages"}],"about":[{"href":"https:\/\/turismo.castielfabib.es\/va\/wp-json\/wp\/v2\/types\/page"}],"author":[{"embeddable":true,"href":"https:\/\/turismo.castielfabib.es\/va\/wp-json\/wp\/v2\/users\/1"}],"replies":[{"embeddable":true,"href":"https:\/\/turismo.castielfabib.es\/va\/wp-json\/wp\/v2\/comments?post=962"}],"version-history":[{"count":8,"href":"https:\/\/turismo.castielfabib.es\/va\/wp-json\/wp\/v2\/pages\/962\/revisions"}],"predecessor-version":[{"id":2875,"href":"https:\/\/turismo.castielfabib.es\/va\/wp-json\/wp\/v2\/pages\/962\/revisions\/2875"}],"wp:attachment":[{"href":"https:\/\/turismo.castielfabib.es\/va\/wp-json\/wp\/v2\/media?parent=962"}],"curies":[{"name":"wp","href":"https:\/\/api.w.org\/{rel}","templated":true}]}}